{"id":109665,"date":"2025-08-15T13:28:16","date_gmt":"2025-08-15T13:28:16","guid":{"rendered":"https:\/\/lygosclinic.com\/?page_id=109665"},"modified":"2025-08-19T14:25:08","modified_gmt":"2025-08-19T14:25:08","slug":"vucut-kitle-indeksi-hesaplama-araci","status":"publish","type":"page","link":"https:\/\/lygosclinic.com\/tr\/vucut-kitle-indeksi-hesaplama-araci\/","title":{"rendered":"V\u00fccut Kitle \u0130ndeksi Hesaplama Arac\u0131"},"content":{"rendered":"\t\t<div data-elementor-type=\"wp-page\" data-elementor-id=\"109665\" class=\"elementor elementor-109665\" data-elementor-post-type=\"page\">\n\t\t\t\t\t\t<section class=\"wd-negative-gap elementor-section elementor-top-section elementor-element elementor-element-6bf2aa2 elementor-section-boxed elementor-section-height-default elementor-section-height-default\" data-id=\"6bf2aa2\" data-element_type=\"section\" data-e-type=\"section\">\n\t\t\t\t\t\t<div class=\"elementor-container elementor-column-gap-default\">\n\t\t\t\t\t<div class=\"elementor-column elementor-col-33 elementor-top-column elementor-element elementor-element-792aaef\" data-id=\"792aaef\" data-element_type=\"column\" data-e-type=\"column\">\n\t\t\t<div class=\"elementor-widget-wrap elementor-element-populated\">\n\t\t\t\t\t\t<div class=\"elementor-element elementor-element-cf57f06 elementor-widget__width-initial elementor-widget elementor-widget-shortcode\" data-id=\"cf57f06\" data-element_type=\"widget\" data-e-type=\"widget\" data-widget_type=\"shortcode.default\">\n\t\t\t\t\t\t\t<div class=\"elementor-shortcode\">[ccj id=\"bmi-tr\"]<\/div>\n\t\t\t\t\t\t<\/div>\n\t\t\t\t\t<\/div>\n\t\t<\/div>\n\t\t\t\t<div class=\"elementor-column elementor-col-66 elementor-top-column elementor-element elementor-element-8c9918a\" data-id=\"8c9918a\" data-element_type=\"column\" data-e-type=\"column\">\n\t\t\t<div class=\"elementor-widget-wrap elementor-element-populated\">\n\t\t\t\t\t\t<div class=\"elementor-element elementor-element-c55dc2d elementor-widget elementor-widget-heading\" data-id=\"c55dc2d\" data-element_type=\"widget\" data-e-type=\"widget\" data-widget_type=\"heading.default\">\n\t\t\t\t\t<h1 class=\"elementor-heading-title elementor-size-default\">V\u00fccut Kitle \u0130ndeksi (VK\u0130) Nedir?<\/h1>\t\t\t\t<\/div>\n\t\t\t\t<div class=\"elementor-element elementor-element-94d1773 color-scheme-inherit text-left elementor-widget elementor-widget-text-editor\" data-id=\"94d1773\" data-element_type=\"widget\" data-e-type=\"widget\" data-widget_type=\"text-editor.default\">\n\t\t\t\t\t\t\t\t\t<p data-start=\"434\" data-end=\"852\">Sa\u011fl\u0131kl\u0131 ya\u015fam ve ideal kilo dengesini korumak, g\u00fcn\u00fcm\u00fcz\u00fcn en \u00f6nemli sa\u011fl\u0131k konular\u0131ndan biridir. <strong data-start=\"531\" data-end=\"560\">V\u00fccut Kitle \u0130ndeksi (VK\u0130)<\/strong>, bireylerin kilosu ile boyu aras\u0131ndaki orant\u0131y\u0131 \u00f6l\u00e7erek sa\u011fl\u0131k durumlar\u0131 hakk\u0131nda \u00f6nemli ipu\u00e7lar\u0131 veren bilimsel bir de\u011ferdir.\u00a0<\/p><p data-start=\"854\" data-end=\"1104\">Bu yaz\u0131m\u0131zda \u201cV\u00fccut Kitle \u0130ndeksi nedir?\u201d, \u201cNas\u0131l hesaplan\u0131r?\u201d ve \u201cVK\u0130 de\u011ferleri bize ne anlat\u0131r?\u201d gibi sorular\u0131n yan\u0131tlar\u0131n\u0131 bulabilirsiniz.<\/p>\t\t\t\t\t\t\t\t<\/div>\n\t\t\t\t<div class=\"elementor-element elementor-element-58d8310 elementor-widget elementor-widget-heading\" data-id=\"58d8310\" data-element_type=\"widget\" data-e-type=\"widget\" data-widget_type=\"heading.default\">\n\t\t\t\t\t<h2 class=\"elementor-heading-title elementor-size-default\">V\u00fccut Kitle \u0130ndeksi (VK\u0130) Nedir?<\/h2>\t\t\t\t<\/div>\n\t\t\t\t<div class=\"elementor-element elementor-element-5598538 color-scheme-inherit text-left elementor-widget elementor-widget-text-editor\" data-id=\"5598538\" data-element_type=\"widget\" data-e-type=\"widget\" data-widget_type=\"text-editor.default\">\n\t\t\t\t\t\t\t\t\t<p data-start=\"1148\" data-end=\"1428\">V\u00fccut Kitle \u0130ndeksi, ki\u015finin <strong data-start=\"1177\" data-end=\"1228\">boyuna g\u00f6re sa\u011fl\u0131kl\u0131 bir kiloda olup olmad\u0131\u011f\u0131n\u0131<\/strong> g\u00f6steren bir \u00f6l\u00e7\u00fcmd\u00fcr. D\u00fcnya Sa\u011fl\u0131k \u00d6rg\u00fct\u00fc (DS\u00d6) taraf\u0131ndan kabul edilen bu y\u00f6ntem, basit ama etkili bir hesaplama ile ki\u015finin obezite, zay\u0131fl\u0131k veya ideal kilo aral\u0131\u011f\u0131nda olup olmad\u0131\u011f\u0131n\u0131 belirler.<\/p><p data-start=\"1430\" data-end=\"1702\">VK\u0130 hesaplamas\u0131, \u00f6zellikle <strong data-start=\"1457\" data-end=\"1474\">obezite riski<\/strong>, <strong data-start=\"1476\" data-end=\"1498\">kalp-damar sa\u011fl\u0131\u011f\u0131<\/strong>, <strong data-start=\"1500\" data-end=\"1519\">diyabet e\u011filimi<\/strong> ve <strong data-start=\"1523\" data-end=\"1544\">metabolik sendrom<\/strong> gibi durumlar\u0131n erken tespitinde b\u00fcy\u00fck \u00f6nem ta\u015f\u0131r. Bu nedenle sa\u011fl\u0131kl\u0131 ya\u015fam yolculu\u011funa ba\u015flamak isteyen herkes i\u00e7in ilk basamak VK\u0130 de\u011ferini \u00f6\u011frenmektir.<\/p>\t\t\t\t\t\t\t\t<\/div>\n\t\t\t\t<div class=\"elementor-element elementor-element-9b71e0f elementor-widget elementor-widget-heading\" data-id=\"9b71e0f\" data-element_type=\"widget\" data-e-type=\"widget\" data-widget_type=\"heading.default\">\n\t\t\t\t\t<h2 class=\"elementor-heading-title elementor-size-default\">V\u00fccut Kitle \u0130ndeksi Nas\u0131l Hesaplan\u0131r?<\/h2>\t\t\t\t<\/div>\n\t\t\t\t<div class=\"elementor-element elementor-element-0656331 color-scheme-inherit text-left elementor-widget elementor-widget-text-editor\" data-id=\"0656331\" data-element_type=\"widget\" data-e-type=\"widget\" data-widget_type=\"text-editor.default\">\n\t\t\t\t\t\t\t\t\t<p data-start=\"1751\" data-end=\"1824\">V\u00fccut Kitle \u0130ndeksi hesaplamas\u0131 olduk\u00e7a basittir. Form\u00fcl \u015fu \u015fekildedir:<\/p><p data-start=\"1826\" data-end=\"1858\"><strong data-start=\"1826\" data-end=\"1856\">VK\u0130 = Kilo (kg) \/ Boy (m)\u00b2<\/strong><\/p><p data-start=\"1860\" data-end=\"1959\">\u00d6rne\u011fin, 70 kilo a\u011f\u0131rl\u0131\u011f\u0131nda ve 1.70 metre boyunda olan bir ki\u015finin VK\u0130\u2019si \u015fu \u015fekilde hesaplan\u0131r:<\/p><p data-start=\"1961\" data-end=\"1988\">70 \/ (1.70 x 1.70) = 24.2<\/p><p data-start=\"1990\" data-end=\"2051\">Bu de\u011fer, ki\u015finin normal kilo aral\u0131\u011f\u0131nda oldu\u011funu g\u00f6sterir.<\/p>\t\t\t\t\t\t\t\t<\/div>\n\t\t\t\t<div class=\"elementor-element elementor-element-cd24231 elementor-widget elementor-widget-heading\" data-id=\"cd24231\" data-element_type=\"widget\" data-e-type=\"widget\" data-widget_type=\"heading.default\">\n\t\t\t\t\t<h2 class=\"elementor-heading-title elementor-size-default\">VK\u0130 De\u011fer Aral\u0131klar\u0131 ve Anlamlar\u0131<\/h2>\t\t\t\t<\/div>\n\t\t\t\t<div class=\"elementor-element elementor-element-f48fe0f color-scheme-inherit text-left elementor-widget elementor-widget-text-editor\" data-id=\"f48fe0f\" data-element_type=\"widget\" data-e-type=\"widget\" data-widget_type=\"text-editor.default\">\n\t\t\t\t\t\t\t\t\t<p data-start=\"2096\" data-end=\"2172\">DS\u00d6\u2019n\u00fcn belirledi\u011fi standartlara g\u00f6re VK\u0130 de\u011ferleri \u015fu \u015fekilde yorumlan\u0131r:<\/p><ul data-start=\"2174\" data-end=\"2382\"><li data-start=\"2174\" data-end=\"2201\"><p data-start=\"2176\" data-end=\"2201\"><strong data-start=\"2176\" data-end=\"2193\">18.5\u2019in alt\u0131:<\/strong> Zay\u0131f<\/p><\/li><li data-start=\"2202\" data-end=\"2234\"><p data-start=\"2204\" data-end=\"2234\"><strong data-start=\"2204\" data-end=\"2220\">18.5 \u2013 24.9:<\/strong> Normal kilo<\/p><\/li><li data-start=\"2235\" data-end=\"2266\"><p data-start=\"2237\" data-end=\"2266\"><strong data-start=\"2237\" data-end=\"2251\">25 \u2013 29.9:<\/strong> Fazla kilolu<\/p><\/li><li data-start=\"2267\" data-end=\"2303\"><p data-start=\"2269\" data-end=\"2303\"><strong data-start=\"2269\" data-end=\"2283\">30 \u2013 34.9:<\/strong> 1. derece obezite<\/p><\/li><li data-start=\"2304\" data-end=\"2340\"><p data-start=\"2306\" data-end=\"2340\"><strong data-start=\"2306\" data-end=\"2320\">35 \u2013 39.9:<\/strong> 2. derece obezite<\/p><\/li><li data-start=\"2341\" data-end=\"2382\"><p data-start=\"2343\" data-end=\"2382\"><strong data-start=\"2343\" data-end=\"2359\">40 ve \u00fczeri:<\/strong> \u0130leri derece obezite<\/p><\/li><\/ul><p data-start=\"2384\" data-end=\"2735\">Bu aral\u0131klar, genel sa\u011fl\u0131k risklerini de\u011ferlendirmek i\u00e7in kullan\u0131l\u0131r. Ancak unutulmamal\u0131d\u0131r ki VK\u0130 tek ba\u015f\u0131na kesin bir te\u015fhis y\u00f6ntemi de\u011fildir. Kas oran\u0131 y\u00fcksek bireylerde veya \u00f6zel sa\u011fl\u0131k durumlar\u0131nda farkl\u0131 de\u011ferlendirmeler gerekebilir.<\/p>\t\t\t\t\t\t\t\t<\/div>\n\t\t\t\t<div class=\"elementor-element elementor-element-af487fe elementor-widget elementor-widget-heading\" data-id=\"af487fe\" data-element_type=\"widget\" data-e-type=\"widget\" data-widget_type=\"heading.default\">\n\t\t\t\t\t<h2 class=\"elementor-heading-title elementor-size-default\">Neden VK\u0130 Takibi \u00d6nemlidir?<\/h2>\t\t\t\t<\/div>\n\t\t\t\t<div class=\"elementor-element elementor-element-a3c4807 color-scheme-inherit text-left elementor-widget elementor-widget-text-editor\" data-id=\"a3c4807\" data-element_type=\"widget\" data-e-type=\"widget\" data-widget_type=\"text-editor.default\">\n\t\t\t\t\t\t\t\t\t<p data-start=\"2774\" data-end=\"2922\">V\u00fccut Kitle \u0130ndeksi, sadece kilo kontrol\u00fc i\u00e7in de\u011fil, ayn\u0131 zamanda bir\u00e7ok kronik hastal\u0131\u011f\u0131n \u00f6nlenmesi i\u00e7in de kritik bir \u00f6l\u00e7\u00fctt\u00fcr. VK\u0130 takibi ile:<\/p><ul data-start=\"2924\" data-end=\"3179\"><li data-start=\"2924\" data-end=\"2988\"><p data-start=\"2926\" data-end=\"2988\"><strong data-start=\"2926\" data-end=\"2962\">Kalp ve damar hastal\u0131klar\u0131 riski<\/strong> \u00f6nceden belirlenebilir.<\/p><\/li><li data-start=\"2989\" data-end=\"3042\"><p data-start=\"2991\" data-end=\"3042\"><strong data-start=\"2991\" data-end=\"3008\">Tip 2 diyabet<\/strong> geli\u015fme ihtimali \u00f6ng\u00f6r\u00fclebilir.<\/p><\/li><li data-start=\"3043\" data-end=\"3109\"><p data-start=\"3045\" data-end=\"3109\"><strong data-start=\"3045\" data-end=\"3088\">Obezite kaynakl\u0131 eklem ve kas sorunlar\u0131<\/strong> tespit edilebilir.<\/p><\/li><li data-start=\"3110\" data-end=\"3179\"><p data-start=\"3112\" data-end=\"3179\"><strong data-start=\"3112\" data-end=\"3137\">Sa\u011fl\u0131kl\u0131 kilo aral\u0131\u011f\u0131<\/strong> korunarak ya\u015fam kalitesi art\u0131r\u0131labilir.<\/p><\/li><\/ul>\t\t\t\t\t\t\t\t<\/div>\n\t\t\t\t<div class=\"elementor-element elementor-element-d4e0848 elementor-widget elementor-widget-heading\" data-id=\"d4e0848\" data-element_type=\"widget\" data-e-type=\"widget\" data-widget_type=\"heading.default\">\n\t\t\t\t\t<h2 class=\"elementor-heading-title elementor-size-default\">VK\u0130 ve Sa\u011fl\u0131kl\u0131 Kilo Y\u00f6netimi<\/h2>\t\t\t\t<\/div>\n\t\t\t\t<div class=\"elementor-element elementor-element-4724f88 color-scheme-inherit text-left elementor-widget elementor-widget-text-editor\" data-id=\"4724f88\" data-element_type=\"widget\" data-e-type=\"widget\" data-widget_type=\"text-editor.default\">\n\t\t\t\t\t\t\t\t\t<p data-start=\"4066\" data-end=\"4234\">Sa\u011fl\u0131kl\u0131 kilo y\u00f6netimi, yaln\u0131zca kilo vermek ya da almakla s\u0131n\u0131rl\u0131 de\u011fildir. As\u0131l ama\u00e7, bireyin <strong data-start=\"4162\" data-end=\"4186\">ideal VK\u0130 aral\u0131\u011f\u0131nda<\/strong> uzun vadede sa\u011fl\u0131kl\u0131 bir ya\u015fam s\u00fcrd\u00fcrmesidir.<\/p><p data-start=\"4236\" data-end=\"4331\">Uzman diyetisyenler ve hekimler, dan\u0131\u015fanlar\u0131na \u015fu konularda rehberlik eder:<\/p><ul data-start=\"4333\" data-end=\"4524\"><li data-start=\"4333\" data-end=\"4365\"><p data-start=\"4335\" data-end=\"4365\">Dengeli beslenme programlar\u0131<\/p><\/li><li data-start=\"4366\" data-end=\"4409\"><p data-start=\"4368\" data-end=\"4409\">G\u00fcnl\u00fck kalori ihtiyac\u0131na uygun planlama<\/p><\/li><li data-start=\"4410\" data-end=\"4443\"><p data-start=\"4412\" data-end=\"4443\">Yava\u015f ve kal\u0131c\u0131 kilo kontrol\u00fc<\/p><\/li><li data-start=\"4444\" data-end=\"4481\"><p data-start=\"4446\" data-end=\"4481\">Egzersiz ve ya\u015fam tarz\u0131 \u00f6nerileri<\/p><\/li><li data-start=\"4482\" data-end=\"4524\"><p data-start=\"4484\" data-end=\"4524\">Sa\u011fl\u0131k kontrolleri ile ilerleme takibi<\/p><\/li><\/ul>\t\t\t\t\t\t\t\t<\/div>\n\t\t\t\t\t<\/div>\n\t\t<\/div>\n\t\t\t\t\t<\/div>\n\t\t<\/section>\n\t\t\t\t<\/div>\n\t\t","protected":false},"excerpt":{"rendered":"<p>[ccj id=&#8221;bmi-tr&#8221;] V\u00fccut Kitle \u0130ndeksi (VK\u0130) Nedir? Sa\u011fl\u0131kl\u0131 ya\u015fam ve ideal kilo dengesini korumak, g\u00fcn\u00fcm\u00fcz\u00fcn en \u00f6nemli sa\u011fl\u0131k konular\u0131ndan biridir.<\/p>\n","protected":false},"author":1,"featured_media":0,"parent":0,"menu_order":0,"comment_status":"closed","ping_status":"closed","template":"","meta":{"footnotes":""},"class_list":["post-109665","page","type-page","status-publish","hentry"],"_links":{"self":[{"href":"https:\/\/lygosclinic.com\/tr\/wp-json\/wp\/v2\/pages\/109665","targetHints":{"allow":["GET"]}}],"collection":[{"href":"https:\/\/lygosclinic.com\/tr\/wp-json\/wp\/v2\/pages"}],"about":[{"href":"https:\/\/lygosclinic.com\/tr\/wp-json\/wp\/v2\/types\/page"}],"author":[{"embeddable":true,"href":"https:\/\/lygosclinic.com\/tr\/wp-json\/wp\/v2\/users\/1"}],"replies":[{"embeddable":true,"href":"https:\/\/lygosclinic.com\/tr\/wp-json\/wp\/v2\/comments?post=109665"}],"version-history":[{"count":21,"href":"https:\/\/lygosclinic.com\/tr\/wp-json\/wp\/v2\/pages\/109665\/revisions"}],"predecessor-version":[{"id":109842,"href":"https:\/\/lygosclinic.com\/tr\/wp-json\/wp\/v2\/pages\/109665\/revisions\/109842"}],"wp:attachment":[{"href":"https:\/\/lygosclinic.com\/tr\/wp-json\/wp\/v2\/media?parent=109665"}],"curies":[{"name":"wp","href":"https:\/\/api.w.org\/{rel}","templated":true}]}}