{"id":28498,"date":"2023-10-05T07:31:01","date_gmt":"2023-10-05T07:31:01","guid":{"rendered":"https:\/\/lygosclinic.com\/agf-39\/"},"modified":"2025-05-31T14:12:40","modified_gmt":"2025-05-31T14:12:40","slug":"agf-39","status":"publish","type":"page","link":"https:\/\/lygosclinic.com\/tr\/agf-39\/","title":{"rendered":"AGF-39"},"content":{"rendered":"\t\t<div data-elementor-type=\"wp-page\" data-elementor-id=\"28498\" class=\"elementor elementor-28498 elementor-28398\" data-elementor-post-type=\"page\">\n\t\t\t\t\t\t<section class=\"wd-negative-gap elementor-section elementor-top-section elementor-element elementor-element-67ed066c wd-section-stretch elementor-section-boxed elementor-section-height-default elementor-section-height-default\" data-id=\"67ed066c\" data-element_type=\"section\" data-e-type=\"section\" data-settings=\"{&quot;background_background&quot;:&quot;classic&quot;}\">\n\t\t\t\t\t\t<div class=\"elementor-container elementor-column-gap-default\">\n\t\t\t\t\t<div class=\"elementor-column elementor-col-100 elementor-top-column elementor-element elementor-element-340a2076\" data-id=\"340a2076\" data-element_type=\"column\" data-e-type=\"column\">\n\t\t\t<div class=\"elementor-widget-wrap elementor-element-populated\">\n\t\t\t\t\t\t<div class=\"elementor-element elementor-element-107517c0 elementor-align-center elementor-widget elementor-widget-breadcrumbs\" data-id=\"107517c0\" data-element_type=\"widget\" data-e-type=\"widget\" data-widget_type=\"breadcrumbs.default\">\n\t\t\t\t<div class=\"elementor-widget-container\">\n\t\t\t\t\t<nav aria-label=\"breadcrumbs\" class=\"rank-math-breadcrumb\"><p><span class=\"last\">Home<\/span><\/p><\/nav>\t\t\t\t<\/div>\n\t\t\t\t<\/div>\n\t\t\t\t\t<\/div>\n\t\t<\/div>\n\t\t\t\t\t<\/div>\n\t\t<\/section>\n\t\t\t\t<section class=\"wd-negative-gap elementor-section elementor-top-section elementor-element elementor-element-8e03611 elementor-section-boxed elementor-section-height-default elementor-section-height-default\" data-id=\"8e03611\" data-element_type=\"section\" data-e-type=\"section\">\n\t\t\t\t\t\t<div class=\"elementor-container elementor-column-gap-default\">\n\t\t\t\t\t<div class=\"elementor-column elementor-col-50 elementor-top-column elementor-element elementor-element-b323141\" data-id=\"b323141\" data-element_type=\"column\" data-e-type=\"column\">\n\t\t\t<div class=\"elementor-widget-wrap elementor-element-populated\">\n\t\t\t\t\t\t<div class=\"elementor-element elementor-element-1cbe399 elementor-widget elementor-widget-heading\" data-id=\"1cbe399\" data-element_type=\"widget\" data-e-type=\"widget\" data-widget_type=\"heading.default\">\n\t\t\t\t\t<h1 class=\"elementor-heading-title elementor-size-default\">AGF-39<\/h1>\t\t\t\t<\/div>\n\t\t\t\t<div class=\"elementor-element elementor-element-6333ae8 elementor-widget elementor-widget-wd_text_block\" data-id=\"6333ae8\" data-element_type=\"widget\" data-e-type=\"widget\" data-widget_type=\"wd_text_block.default\">\n\t\t\t\t<div class=\"elementor-widget-container\">\n\t\t\t\t\t\t\t<div class=\"wd-text-block reset-last-child text-left\">\n\t\t\t\n\t\t\t<p style=\"text-align: center;\">Ki\u015fisel \u00f6zg\u00fcvenin ve psikolojik sorunlar\u0131n ortaya \u00e7\u0131kma nedenlerinden biri de sa\u00e7 d\u00f6k\u00fclmesidir. \u0130nsan\u0131 daha da \u00e7ekici hale getiren sa\u00e7 hem erkeklerin hem de kad\u0131nlar\u0131n daha g\u00fczel g\u00f6r\u00fcnmesi i\u00e7in katk\u0131da bulunmaktad\u0131r. G\u00fcn\u00fcm\u00fczde sa\u011fl\u0131kl\u0131 ve bak\u0131ml\u0131 sa\u00e7 yap\u0131s\u0131na kavu\u015fmak ve sa\u00e7 d\u00f6k\u00fclmesini engellemek i\u00e7in bir\u00e7ok estetik y\u00f6nteme ba\u015fvurulmaktad\u0131r. Ancak bu y\u00f6ntemleri tercih etmeden \u00f6nce baz\u0131 se\u00e7eneklerin oldu\u011fu unutulmamal\u0131d\u0131r.<\/p>\n\t\t\t\t\t<\/div>\n\t\t\t\t\t\t<\/div>\n\t\t\t\t<\/div>\n\t\t\t\t\t<\/div>\n\t\t<\/div>\n\t\t\t\t<div class=\"elementor-column elementor-col-50 elementor-top-column elementor-element elementor-element-6eff5ce\" data-id=\"6eff5ce\" data-element_type=\"column\" data-e-type=\"column\">\n\t\t\t<div class=\"elementor-widget-wrap elementor-element-populated\">\n\t\t\t\t\t\t<div class=\"elementor-element elementor-element-dc45453 elementor-widget elementor-widget-table-of-contents\" data-id=\"dc45453\" data-element_type=\"widget\" data-e-type=\"widget\" data-settings=\"{&quot;headings_by_tags&quot;:[&quot;h1&quot;,&quot;h2&quot;],&quot;exclude_headings_by_selector&quot;:[],&quot;marker_view&quot;:&quot;bullets&quot;,&quot;icon&quot;:{&quot;value&quot;:&quot;fas fa-angle-right&quot;,&quot;library&quot;:&quot;fa-solid&quot;},&quot;no_headings_message&quot;:&quot;No headings were found on this page.&quot;,&quot;min_height&quot;:{&quot;unit&quot;:&quot;px&quot;,&quot;size&quot;:&quot;&quot;,&quot;sizes&quot;:[]},&quot;min_height_tablet&quot;:{&quot;unit&quot;:&quot;px&quot;,&quot;size&quot;:&quot;&quot;,&quot;sizes&quot;:[]},&quot;min_height_mobile&quot;:{&quot;unit&quot;:&quot;px&quot;,&quot;size&quot;:&quot;&quot;,&quot;sizes&quot;:[]}}\" data-widget_type=\"table-of-contents.default\">\n\t\t\t\t\t\t\t\t\t<div class=\"elementor-toc__header\">\n\t\t\t\t\t\t<h3 class=\"elementor-toc__header-title\">\n\t\t\t\tChoose Your Topic\t\t\t<\/h3>\n\t\t\t\t\t\t\t\t<\/div>\n\t\t\t\t<div id=\"elementor-toc__dc45453\" class=\"elementor-toc__body\">\n\t\t\t<div class=\"elementor-toc__spinner-container\">\n\t\t\t\t<i class=\"elementor-toc__spinner eicon-animation-spin eicon-loading\" aria-hidden=\"true\"><\/i>\t\t\t<\/div>\n\t\t<\/div>\n\t\t\t\t\t\t<\/div>\n\t\t\t\t\t<\/div>\n\t\t<\/div>\n\t\t\t\t\t<\/div>\n\t\t<\/section>\n\t\t\t\t<section class=\"wd-negative-gap elementor-section elementor-top-section elementor-element elementor-element-595e358 wd-section-stretch elementor-section-boxed elementor-section-height-default elementor-section-height-default\" data-id=\"595e358\" data-element_type=\"section\" data-e-type=\"section\" data-settings=\"{&quot;background_background&quot;:&quot;classic&quot;}\">\n\t\t\t\t\t\t<div class=\"elementor-container elementor-column-gap-default\">\n\t\t\t\t\t<div class=\"elementor-column elementor-col-50 elementor-top-column elementor-element elementor-element-ebbddbb\" data-id=\"ebbddbb\" data-element_type=\"column\" data-e-type=\"column\">\n\t\t\t<div class=\"elementor-widget-wrap elementor-element-populated\">\n\t\t\t\t\t\t<div class=\"elementor-element elementor-element-963db24 elementor-widget elementor-widget-wd_image_or_svg\" data-id=\"963db24\" data-element_type=\"widget\" data-e-type=\"widget\" data-widget_type=\"wd_image_or_svg.default\">\n\t\t\t\t<div class=\"elementor-widget-container\">\n\t\t\t\t\t\n\t\t<div class=\"wd-image text-left\">\n\t\t\t\t\t\t\t\t<img loading=\"lazy\" decoding=\"async\" width=\"350\" height=\"195\" src=\"https:\/\/lygosclinic.com\/wp-content\/uploads\/2023\/10\/agf-3-e1744105885337.webp\" class=\"attachment-full size-full\" alt=\"AGF-39-5\" title=\"\">\t\t\t\t\t<\/div>\n\n\t\t\t\t\t\t<\/div>\n\t\t\t\t<\/div>\n\t\t\t\t\t<\/div>\n\t\t<\/div>\n\t\t\t\t<div class=\"elementor-column elementor-col-50 elementor-top-column elementor-element elementor-element-c482737\" data-id=\"c482737\" data-element_type=\"column\" data-e-type=\"column\">\n\t\t\t<div class=\"elementor-widget-wrap elementor-element-populated\">\n\t\t\t\t\t\t<div class=\"elementor-element elementor-element-495cd23 elementor-widget elementor-widget-heading\" data-id=\"495cd23\" data-element_type=\"widget\" data-e-type=\"widget\" data-widget_type=\"heading.default\">\n\t\t\t\t\t<h2 class=\"elementor-heading-title elementor-size-default\">Sa\u00e7 D\u00f6k\u00fclmesinin Nedenleri<\/h2>\t\t\t\t<\/div>\n\t\t\t\t<div class=\"elementor-element elementor-element-6b844dc elementor-widget elementor-widget-wd_text_block\" data-id=\"6b844dc\" data-element_type=\"widget\" data-e-type=\"widget\" data-widget_type=\"wd_text_block.default\">\n\t\t\t\t<div class=\"elementor-widget-container\">\n\t\t\t\t\t\t\t<div class=\"wd-text-block reset-last-child text-left\">\n\t\t\t\n\t\t\t<p style=\"text-align: justify;\">Sa\u00e7 d\u00f6k\u00fclmesinin nedenleri aras\u0131nda; genetik fakt\u00f6rler, hava de\u011fi\u015fimlerine kar\u015f\u0131 olumsuz reaksiyonlar, d\u00fczensiz ve sa\u011fl\u0131ks\u0131z beslenme gibi durumlar bulunmaktad\u0131r.<\/p>\n<p style=\"text-align: justify; margin-top: -7px;\">Vitamin ya da protein eksiklikleri de d\u00f6k\u00fclmeyi tetikleyen sorunlar aras\u0131nda yerini almaktad\u0131r.<\/p>\n<p style=\"text-align: justify; margin-top: -7px;\">Hastan\u0131n ya\u015fad\u0131\u011f\u0131 hormonal bozukluklar da sa\u00e7 d\u00f6k\u00fclmesini tetikleyebilir. T\u00fcm bunlar\u0131n d\u0131\u015f\u0131nda, g\u00fcne\u015ften gelen UV \u0131\u015f\u0131nlar\u0131 ve i\u00e7 hastal\u0131klardan kaynaklanan bir tak\u0131m sorunlar sa\u00e7 d\u00f6k\u00fclmesini art\u0131rmaktad\u0131r.<\/p>\n\n\t\t\t\t\t<\/div>\n\t\t\t\t\t\t<\/div>\n\t\t\t\t<\/div>\n\t\t\t\t\t<\/div>\n\t\t<\/div>\n\t\t\t\t\t<\/div>\n\t\t<\/section>\n\t\t\t\t<section class=\"wd-negative-gap elementor-section elementor-top-section elementor-element elementor-element-c42c854 wd-section-stretch elementor-section-boxed elementor-section-height-default elementor-section-height-default\" data-id=\"c42c854\" data-element_type=\"section\" data-e-type=\"section\" data-settings=\"{&quot;background_background&quot;:&quot;classic&quot;}\">\n\t\t\t\t\t\t<div class=\"elementor-container elementor-column-gap-default\">\n\t\t\t\t\t<div class=\"elementor-column elementor-col-100 elementor-top-column elementor-element elementor-element-e5105a5\" data-id=\"e5105a5\" data-element_type=\"column\" data-e-type=\"column\">\n\t\t\t<div class=\"elementor-widget-wrap elementor-element-populated\">\n\t\t\t\t\t\t<div class=\"elementor-element elementor-element-2598aa0 elementor-widget elementor-widget-heading\" data-id=\"2598aa0\" data-element_type=\"widget\" data-e-type=\"widget\" data-widget_type=\"heading.default\">\n\t\t\t\t\t<h2 class=\"elementor-heading-title elementor-size-default\">Sa\u00e7 D\u00f6k\u00fclmesi Tedavi Y\u00f6ntemleri<\/h2>\t\t\t\t<\/div>\n\t\t\t\t<div class=\"elementor-element elementor-element-c6b0a80 elementor-widget elementor-widget-wd_text_block\" data-id=\"c6b0a80\" data-element_type=\"widget\" data-e-type=\"widget\" data-widget_type=\"wd_text_block.default\">\n\t\t\t\t<div class=\"elementor-widget-container\">\n\t\t\t\t\t\t\t<div class=\"wd-text-block reset-last-child text-left\">\n\t\t\t\n\t\t\t<p style=\"text-align: justify;\">Sa\u00e7 d\u00f6k\u00fclmesi tedavisi y\u00f6ntemlerinin modern ve sa\u011fl\u0131kl\u0131 oldu\u011fundan emin olmak gerekir. G\u00fcn\u00fcm\u00fczde bu sorunu \u00f6nlemek i\u00e7in PRP, Mezoterapi, AGF-39 gibi y\u00f6ntemler tercih edilmektedir. Sa\u00e7\u0131n ihtiya\u00e7lar\u0131na g\u00f6re uygulanan bu y\u00f6ntemler, vitamin ve protein takviyesi sa\u011flar. Sa\u00e7lar\u0131 g\u00fc\u00e7lendirme konusunda \u00f6ne \u00e7\u0131kan AGF-39, tedavi y\u00f6ntemleri aras\u0131nda en ideal se\u00e7eneklerden biridir. AGF sol\u00fcsyonlar\u0131 ile 6 ila 10 seans aras\u0131nda uygulanan bu y\u00f6ntem sayesinde hasta g\u00f6zle g\u00f6r\u00fcl\u00fcr bir sonu\u00e7 elde edebilir.<\/p>\n\t\t\t\t\t<\/div>\n\t\t\t\t\t\t<\/div>\n\t\t\t\t<\/div>\n\t\t\t\t<div class=\"elementor-element elementor-element-73ac932 elementor-widget elementor-widget-heading\" data-id=\"73ac932\" data-element_type=\"widget\" data-e-type=\"widget\" data-widget_type=\"heading.default\">\n\t\t\t\t\t<h2 class=\"elementor-heading-title elementor-size-default\">AGF-39 Tedavisinde Kullan\u0131lan Bile\u015fenler<\/h2>\t\t\t\t<\/div>\n\t\t\t\t<div class=\"elementor-element elementor-element-e05a44a elementor-widget elementor-widget-wd_text_block\" data-id=\"e05a44a\" data-element_type=\"widget\" data-e-type=\"widget\" data-widget_type=\"wd_text_block.default\">\n\t\t\t\t<div class=\"elementor-widget-container\">\n\t\t\t\t\t\t\t<div class=\"wd-text-block reset-last-child text-left\">\n\t\t\t\n\t\t\t<p style=\"text-align: justify;\">AGF-39 tedavisinde bir\u00e7ok faydal\u0131 madde kullan\u0131lmaktad\u0131r. Protein \u00fcretimini sa\u011flayan bu maddeler, enerji metabolizmas\u0131n\u0131 da etkilemektedir. AGF-39 tedavisinde kullan\u0131lan maddeler vitaminler, mineraller, koenzim A ve amino asitler olarak s\u0131ralanabilir. SOD ve ATP gibi maddeleri i\u00e7eren bu y\u00f6ntem sayesinde sa\u00e7 k\u00f6kleri oksidatif stresten korunur ve sa\u00e7 b\u00fcy\u00fcmesini etkileyen metabolizma d\u00fczenlenir.<\/p>\n\t\t\t\t\t<\/div>\n\t\t\t\t\t\t<\/div>\n\t\t\t\t<\/div>\n\t\t\t\t<div class=\"elementor-element elementor-element-2cf2c17 elementor-widget elementor-widget-heading\" data-id=\"2cf2c17\" data-element_type=\"widget\" data-e-type=\"widget\" data-widget_type=\"heading.default\">\n\t\t\t\t\t<h2 class=\"elementor-heading-title elementor-size-default\">Lygos Klini\u011fi'nde AGF-39 FORTE Tedavisi<\/h2>\t\t\t\t<\/div>\n\t\t\t\t<div class=\"elementor-element elementor-element-7661e37 elementor-widget elementor-widget-wd_text_block\" data-id=\"7661e37\" data-element_type=\"widget\" data-e-type=\"widget\" data-widget_type=\"wd_text_block.default\">\n\t\t\t\t<div class=\"elementor-widget-container\">\n\t\t\t\t\t\t\t<div class=\"wd-text-block reset-last-child text-left\">\n\t\t\t\n\t\t\t<p style=\"text-align: justify;\">Lygos Clinic'te sa\u00e7 tedavileri en do\u011fru \u015fekilde uygulanmaktad\u0131r. Hastalar\u0131na sa\u00e7 d\u00f6k\u00fclmesini \u00f6nlemek i\u00e7in bir\u00e7ok se\u00e7enek sunan bu klinik, AGF-39 FORTE y\u00f6ntemini de \u00f6nermektedir. Klasik AGF-39'un g\u00fc\u00e7lendirilmi\u015f versiyonu olan bu tedavi se\u00e7ene\u011fi, sa\u00e7 ekimi merkezinde dermatologlar veya sa\u00e7 uzmanlar\u0131 taraf\u0131ndan uygulan\u0131r. \u0130lk tedaviyi ba\u015far\u0131yla tamamlad\u0131ktan sonra, hasta AGF-39 FORTE kitini evde uygulamaya devam edebilir. 6 ila 10 seans\u0131n ard\u0131ndan, hasta sa\u011fl\u0131kl\u0131 ve g\u00fcr sa\u00e7lara kavu\u015fabilir.<\/p>\n\t\t\t\t\t<\/div>\n\t\t\t\t\t\t<\/div>\n\t\t\t\t<\/div>\n\t\t\t\t\t<\/div>\n\t\t<\/div>\n\t\t\t\t\t<\/div>\n\t\t<\/section>\n\t\t\t\t<section class=\"wd-negative-gap elementor-section elementor-top-section elementor-element elementor-element-4bb76142 wd-section-stretch elementor-section-boxed elementor-section-height-default elementor-section-height-default\" data-id=\"4bb76142\" data-element_type=\"section\" data-e-type=\"section\" data-settings=\"{&quot;background_background&quot;:&quot;classic&quot;}\">\n\t\t\t\t\t\t<div class=\"elementor-container elementor-column-gap-default\">\n\t\t\t\t\t<div class=\"elementor-column elementor-col-100 elementor-top-column elementor-element elementor-element-69ef3912\" data-id=\"69ef3912\" data-element_type=\"column\" data-e-type=\"column\">\n\t\t\t<div class=\"elementor-widget-wrap elementor-element-populated\">\n\t\t\t\t\t\t<div class=\"elementor-element elementor-element-2cad415 wd-width-100 elementor-widget elementor-widget-wd_title\" data-id=\"2cad415\" data-element_type=\"widget\" data-e-type=\"widget\" id=\"faqheading\" data-widget_type=\"wd_title.default\">\n\t\t\t\t<div class=\"elementor-widget-container\">\n\t\t\t\t\t\t\t<div class=\"title-wrapper wd-set-mb reset-last-child wd-title-color-primary wd-title-style-default wd-title-size-default text-center\">\n\n\t\t\t\n\t\t\t<div class=\"liner-continer\">\n\t\t\t\t<h4 class=\"woodmart-title-container title wd-fontsize-l\">AGF-39 S.S.S.<\/h4> \n\t\t\t\t\t\t\t<\/div>\n\n\t\t\t\t\t<\/div>\n\t\t\t\t\t\t<\/div>\n\t\t\t\t<\/div>\n\t\t\t\t<div class=\"elementor-element elementor-element-3d74c9aa elementor-widget elementor-widget-accordion\" data-id=\"3d74c9aa\" data-element_type=\"widget\" data-e-type=\"widget\" id=\"accofaq\" data-widget_type=\"accordion.default\">\n\t\t\t\t\t\t\t<div class=\"elementor-accordion\">\n\t\t\t\t\t\t\t<div class=\"elementor-accordion-item\">\n\t\t\t\t\t<div id=\"elementor-tab-title-1031\" class=\"elementor-tab-title\" data-tab=\"1\" role=\"button\" aria-controls=\"elementor-tab-content-1031\" aria-expanded=\"false\">\n\t\t\t\t\t\t\t\t\t\t\t\t<a class=\"elementor-accordion-title\" tabindex=\"0\">S1: AGF-39 nedir?<\/a>\n\t\t\t\t\t<\/div>\n\t\t\t\t\t<div id=\"elementor-tab-content-1031\" class=\"elementor-tab-content elementor-clearfix\" data-tab=\"1\" role=\"region\" aria-labelledby=\"elementor-tab-title-1031\"><p style=\"text-align: justify; margin-top: -6px;\">Sa\u00e7 ekimi, di\u015f esteti\u011fi ve g\u00fcl\u00fc\u015f tasar\u0131m\u0131, botoks enjeksiyonlar\u0131, dermal dolgu, estetik errahi ve daha fazlas\u0131n\u0131 i\u00e7eren geni\u015f bir hizmet yelpazesi sunuyoruz. Amac\u0131m\u0131z m\u00fc\u015fterilerimizin en iyi \u015fekilde g\u00f6r\u00fcnmelerine ve hissetmelerine yard\u0131mc\u0131 olacak \u015fekilde kapsaml\u0131 estetik tedaviler sunuyoruz.<\/p><\/div>\n\t\t\t\t<\/div>\n\t\t\t\t\t\t\t<div class=\"elementor-accordion-item\">\n\t\t\t\t\t<div id=\"elementor-tab-title-1032\" class=\"elementor-tab-title\" data-tab=\"2\" role=\"button\" aria-controls=\"elementor-tab-content-1032\" aria-expanded=\"false\">\n\t\t\t\t\t\t\t\t\t\t\t\t<a class=\"elementor-accordion-title\" tabindex=\"0\">S2: AGF-39 tedavisinde hangi maddeler kullan\u0131l\u0131r?<\/a>\n\t\t\t\t\t<\/div>\n\t\t\t\t\t<div id=\"elementor-tab-content-1032\" class=\"elementor-tab-content elementor-clearfix\" data-tab=\"2\" role=\"region\" aria-labelledby=\"elementor-tab-title-1032\"><p style=\"text-align: justify; margin-top: -6px;\">AGF-39 tedavisinde yer alan maddeler; vitaminler, mineraller, koenzim A ve amino asitler olarak s\u0131ralanabilir. Bu i\u015flemlerde, SOD ve ATP gibi maddeler de kullan\u0131lmaktad\u0131r.<\/p><\/div>\n\t\t\t\t<\/div>\n\t\t\t\t\t\t\t<div class=\"elementor-accordion-item\">\n\t\t\t\t\t<div id=\"elementor-tab-title-1033\" class=\"elementor-tab-title\" data-tab=\"3\" role=\"button\" aria-controls=\"elementor-tab-content-1033\" aria-expanded=\"false\">\n\t\t\t\t\t\t\t\t\t\t\t\t<a class=\"elementor-accordion-title\" tabindex=\"0\">S3: AGF-39 tedavisinin amac\u0131 nedir?<\/a>\n\t\t\t\t\t<\/div>\n\t\t\t\t\t<div id=\"elementor-tab-content-1033\" class=\"elementor-tab-content elementor-clearfix\" data-tab=\"3\" role=\"region\" aria-labelledby=\"elementor-tab-title-1033\"><p style=\"text-align: justify; margin-top: -6px;\">AGF-39 tedavisin birden fazla amac\u0131 bulunmaktad\u0131r. \u0130\u00e7eri\u011finde yer alan maddeler sayesinde, sa\u00e7 folik\u00fcllerinin oksidatif stresten korunmas\u0131 ve sa\u00e7lar\u0131n b\u00fcy\u00fcmesini etkileyen metabolizman\u0131n d\u00fczenlenmesi sa\u011flanmaktad\u0131r. Bu sayede, zay\u0131f sa\u00e7 k\u00f6kleri g\u00fc\u00e7lenmekte ve d\u00f6k\u00fclmeler en aza d\u00fc\u015fmektedir.<\/p><\/div>\n\t\t\t\t<\/div>\n\t\t\t\t\t\t\t<div class=\"elementor-accordion-item\">\n\t\t\t\t\t<div id=\"elementor-tab-title-1034\" class=\"elementor-tab-title\" data-tab=\"4\" role=\"button\" aria-controls=\"elementor-tab-content-1034\" aria-expanded=\"false\">\n\t\t\t\t\t\t\t\t\t\t\t\t<a class=\"elementor-accordion-title\" tabindex=\"0\">S4: AGF-39 tedavisi nas\u0131l yap\u0131l\u0131r?<\/a>\n\t\t\t\t\t<\/div>\n\t\t\t\t\t<div id=\"elementor-tab-content-1034\" class=\"elementor-tab-content elementor-clearfix\" data-tab=\"4\" role=\"region\" aria-labelledby=\"elementor-tab-title-1034\"><p style=\"text-align: justify; margin-top: -6px;\">AGF-39 tedavisi, uzman ki\u015filer taraf\u0131ndan uygulanmal\u0131d\u0131r. \u0130lk tedavisini ba\u015far\u0131l\u0131 bir \u015fekilde atlatan hasta, bir sonraki i\u015flemlerini kendi evinde uygulamaya devam edebilir.<\/p><\/div>\n\t\t\t\t<\/div>\n\t\t\t\t\t\t\t<div class=\"elementor-accordion-item\">\n\t\t\t\t\t<div id=\"elementor-tab-title-1035\" class=\"elementor-tab-title\" data-tab=\"5\" role=\"button\" aria-controls=\"elementor-tab-content-1035\" aria-expanded=\"false\">\n\t\t\t\t\t\t\t\t\t\t\t\t<a class=\"elementor-accordion-title\" tabindex=\"0\">S5: AGF-39 tedavisi ka\u00e7 seans s\u00fcrer?<\/a>\n\t\t\t\t\t<\/div>\n\t\t\t\t\t<div id=\"elementor-tab-content-1035\" class=\"elementor-tab-content elementor-clearfix\" data-tab=\"5\" role=\"region\" aria-labelledby=\"elementor-tab-title-1035\"><p style=\"text-align: justify; margin-top: -6px;\">Sa\u00e7 k\u00f6klerinin g\u00fc\u00e7lenmesini ve d\u00f6k\u00fclen sa\u00e7lar\u0131n durmas\u0131n\u0131 sa\u011flayan AGF-39 tedavisi, ortalama 6 ila 10 seans aras\u0131nda uygulanmaktad\u0131r. B\u00f6lgenin vermi\u015f oldu\u011fu tepkiye g\u00f6re, seans say\u0131s\u0131 de\u011fi\u015fkenlik g\u00f6sterebilir.<\/p><\/div>\n\t\t\t\t<\/div>\n\t\t\t\t\t\t\t<div class=\"elementor-accordion-item\">\n\t\t\t\t\t<div id=\"elementor-tab-title-1036\" class=\"elementor-tab-title\" data-tab=\"6\" role=\"button\" aria-controls=\"elementor-tab-content-1036\" aria-expanded=\"false\">\n\t\t\t\t\t\t\t\t\t\t\t\t<a class=\"elementor-accordion-title\" tabindex=\"0\">S6: AGF-39 fiyatlar\u0131 nedir?<\/a>\n\t\t\t\t\t<\/div>\n\t\t\t\t\t<div id=\"elementor-tab-content-1036\" class=\"elementor-tab-content elementor-clearfix\" data-tab=\"6\" role=\"region\" aria-labelledby=\"elementor-tab-title-1036\"><p style=\"text-align: justify; margin-top: -6px;\">AGF-39 fiyatlar\u0131, kullan\u0131lan maddelerin kalitesine g\u00f6re de\u011fi\u015fmektedir. Ayr\u0131ca, i\u015flemin ger\u00e7ekle\u015fece\u011fi hastane ile tedaviyi uygulayacak uzman\u0131n deneyimi de maliyeti etkileyebilir.<\/p><\/div>\n\t\t\t\t<\/div>\n\t\t\t\t\t\t\t\t\t\t<script type=\"application\/ld+json\">{\"@context\":\"https:\\\/\\\/schema.org\",\"@type\":\"FAQPage\",\"mainEntity\":[{\"@type\":\"Question\",\"name\":\"S1: AGF-39 nedir?\",\"acceptedAnswer\":{\"@type\":\"Answer\",\"text\":\"<p style=\\\"text-align: justify; margin-top: -6px;\\\">Sa\\u00e7 ekimi, di\\u015f esteti\\u011fi ve g\\u00fcl\\u00fc\\u015f tasar\\u0131m\\u0131, botoks enjeksiyonlar\\u0131, dermal dolgu, estetik errahi ve daha fazlas\\u0131n\\u0131 i\\u00e7eren geni\\u015f bir hizmet yelpazesi sunuyoruz. Amac\\u0131m\\u0131z m\\u00fc\\u015fterilerimizin en iyi \\u015fekilde g\\u00f6r\\u00fcnmelerine ve hissetmelerine yard\\u0131mc\\u0131 olacak \\u015fekilde kapsaml\\u0131 estetik tedaviler sunuyoruz.<\\\/p>\"}},{\"@type\":\"Question\",\"name\":\"S2: AGF-39 tedavisinde hangi maddeler kullan\\u0131l\\u0131r?\",\"acceptedAnswer\":{\"@type\":\"Answer\",\"text\":\"<p style=\\\"text-align: justify; margin-top: -6px;\\\">AGF-39 tedavisinde yer alan maddeler; vitaminler, mineraller, koenzim A ve amino asitler olarak s\\u0131ralanabilir. Bu i\\u015flemlerde, SOD ve ATP gibi maddeler de kullan\\u0131lmaktad\\u0131r.<\\\/p>\"}},{\"@type\":\"Question\",\"name\":\"S3: AGF-39 tedavisinin amac\\u0131 nedir?\",\"acceptedAnswer\":{\"@type\":\"Answer\",\"text\":\"<p style=\\\"text-align: justify; margin-top: -6px;\\\">AGF-39 tedavisin birden fazla amac\\u0131 bulunmaktad\\u0131r. \\u0130\\u00e7eri\\u011finde yer alan maddeler sayesinde, sa\\u00e7 folik\\u00fcllerinin oksidatif stresten korunmas\\u0131 ve sa\\u00e7lar\\u0131n b\\u00fcy\\u00fcmesini etkileyen metabolizman\\u0131n d\\u00fczenlenmesi sa\\u011flanmaktad\\u0131r. Bu sayede, zay\\u0131f sa\\u00e7 k\\u00f6kleri g\\u00fc\\u00e7lenmekte ve d\\u00f6k\\u00fclmeler en aza d\\u00fc\\u015fmektedir.<\\\/p>\"}},{\"@type\":\"Question\",\"name\":\"S4: AGF-39 tedavisi nas\\u0131l yap\\u0131l\\u0131r?\",\"acceptedAnswer\":{\"@type\":\"Answer\",\"text\":\"<p style=\\\"text-align: justify; margin-top: -6px;\\\">AGF-39 tedavisi, uzman ki\\u015filer taraf\\u0131ndan uygulanmal\\u0131d\\u0131r. \\u0130lk tedavisini ba\\u015far\\u0131l\\u0131 bir \\u015fekilde atlatan hasta, bir sonraki i\\u015flemlerini kendi evinde uygulamaya devam edebilir.<\\\/p>\"}},{\"@type\":\"Question\",\"name\":\"S5: AGF-39 tedavisi ka\\u00e7 seans s\\u00fcrer?\",\"acceptedAnswer\":{\"@type\":\"Answer\",\"text\":\"<p style=\\\"text-align: justify; margin-top: -6px;\\\">Sa\\u00e7 k\\u00f6klerinin g\\u00fc\\u00e7lenmesini ve d\\u00f6k\\u00fclen sa\\u00e7lar\\u0131n durmas\\u0131n\\u0131 sa\\u011flayan AGF-39 tedavisi, ortalama 6 ila 10 seans aras\\u0131nda uygulanmaktad\\u0131r. B\\u00f6lgenin vermi\\u015f oldu\\u011fu tepkiye g\\u00f6re, seans say\\u0131s\\u0131 de\\u011fi\\u015fkenlik g\\u00f6sterebilir.<\\\/p>\"}},{\"@type\":\"Question\",\"name\":\"S6: AGF-39 fiyatlar\\u0131 nedir?\",\"acceptedAnswer\":{\"@type\":\"Answer\",\"text\":\"<p style=\\\"text-align: justify; margin-top: -6px;\\\">AGF-39 fiyatlar\\u0131, kullan\\u0131lan maddelerin kalitesine g\\u00f6re de\\u011fi\\u015fmektedir. Ayr\\u0131ca, i\\u015flemin ger\\u00e7ekle\\u015fece\\u011fi hastane ile tedaviyi uygulayacak uzman\\u0131n deneyimi de maliyeti etkileyebilir.<\\\/p>\"}}]}<\/script>\n\t\t\t\t\t<\/div>\n\t\t\t\t\t\t<\/div>\n\t\t\t\t\t<\/div>\n\t\t<\/div>\n\t\t\t\t\t<\/div>\n\t\t<\/section>\n\t\t\t\t<\/div>\n\t\t","protected":false},"excerpt":{"rendered":"<p>Home AGF-39 Ki\u015fisel \u00f6zg\u00fcvenin ve psikolojik sorunlar\u0131n ortaya \u00e7\u0131kma nedenlerinden biri de sa\u00e7 d\u00f6k\u00fclmesidir. \u0130nsan\u0131 daha da \u00e7ekici hale getiren<\/p>\n","protected":false},"author":1,"featured_media":0,"parent":0,"menu_order":0,"comment_status":"closed","ping_status":"closed","template":"","meta":{"footnotes":""},"class_list":["post-28498","page","type-page","status-publish","hentry"],"_links":{"self":[{"href":"https:\/\/lygosclinic.com\/tr\/wp-json\/wp\/v2\/pages\/28498","targetHints":{"allow":["GET"]}}],"collection":[{"href":"https:\/\/lygosclinic.com\/tr\/wp-json\/wp\/v2\/pages"}],"about":[{"href":"https:\/\/lygosclinic.com\/tr\/wp-json\/wp\/v2\/types\/page"}],"author":[{"embeddable":true,"href":"https:\/\/lygosclinic.com\/tr\/wp-json\/wp\/v2\/users\/1"}],"replies":[{"embeddable":true,"href":"https:\/\/lygosclinic.com\/tr\/wp-json\/wp\/v2\/comments?post=28498"}],"version-history":[{"count":126,"href":"https:\/\/lygosclinic.com\/tr\/wp-json\/wp\/v2\/pages\/28498\/revisions"}],"predecessor-version":[{"id":103496,"href":"https:\/\/lygosclinic.com\/tr\/wp-json\/wp\/v2\/pages\/28498\/revisions\/103496"}],"wp:attachment":[{"href":"https:\/\/lygosclinic.com\/tr\/wp-json\/wp\/v2\/media?parent=28498"}],"curies":[{"name":"wp","href":"https:\/\/api.w.org\/{rel}","templated":true}]}}