{"id":63920,"date":"2024-04-05T06:38:16","date_gmt":"2024-04-05T06:38:16","guid":{"rendered":"https:\/\/lygosclinic.com\/ameliyatsiz-estetik\/"},"modified":"2025-05-29T10:33:59","modified_gmt":"2025-05-29T10:33:59","slug":"ameliyatsiz-estetik","status":"publish","type":"page","link":"https:\/\/lygosclinic.com\/tr\/ameliyatsiz-estetik\/","title":{"rendered":"Ameliyats\u0131z Estetik"},"content":{"rendered":"\t\t<div data-elementor-type=\"wp-page\" data-elementor-id=\"63920\" class=\"elementor elementor-63920 elementor-62461\" data-elementor-post-type=\"page\">\n\t\t\t\t\t\t<section class=\"wd-negative-gap elementor-section elementor-top-section elementor-element elementor-element-9e0d562 wd-section-stretch elementor-section-boxed elementor-section-height-default elementor-section-height-default\" data-id=\"9e0d562\" data-element_type=\"section\" data-e-type=\"section\">\n\t\t\t\t\t\t<div class=\"elementor-container elementor-column-gap-default\">\n\t\t\t\t\t<div class=\"elementor-column elementor-col-100 elementor-top-column elementor-element elementor-element-a44cd15\" data-id=\"a44cd15\" data-element_type=\"column\" data-e-type=\"column\">\n\t\t\t<div class=\"elementor-widget-wrap elementor-element-populated\">\n\t\t\t\t\t\t<div class=\"elementor-element elementor-element-262c6b5 elementor-widget elementor-widget-heading\" data-id=\"262c6b5\" data-element_type=\"widget\" data-e-type=\"widget\" data-widget_type=\"heading.default\">\n\t\t\t\t\t<h2 class=\"elementor-heading-title elementor-size-default\">Ameliyats\u0131z Estetik<\/h2>\t\t\t\t<\/div>\n\t\t\t\t<div class=\"elementor-element elementor-element-fc065c0 elementor-widget-divider--view-line elementor-widget elementor-widget-divider\" data-id=\"fc065c0\" data-element_type=\"widget\" data-e-type=\"widget\" data-widget_type=\"divider.default\">\n\t\t\t\t\t\t\t<div class=\"elementor-divider\">\n\t\t\t<span class=\"elementor-divider-separator\">\n\t\t\t\t\t\t<\/span>\n\t\t<\/div>\n\t\t\t\t\t\t<\/div>\n\t\t\t\t<div class=\"elementor-element elementor-element-a51d657 color-scheme-inherit text-left elementor-widget elementor-widget-text-editor\" data-id=\"a51d657\" data-element_type=\"widget\" data-e-type=\"widget\" data-widget_type=\"text-editor.default\">\n\t\t\t\t\t\t\t\t\t<p>Ameliyats\u0131z estetik, ameliyata gerek kalmadan ki\u015finin g\u00f6r\u00fcn\u00fcm\u00fcn\u00fc iyile\u015ftiren kozmetik prosed\u00fcrleri veya tedavileri ifade eder. Bu prosed\u00fcrler tipik olarak daha az invazivdir, minimum kesinti s\u00fcresi i\u00e7erir ve genellikle klinik ortam\u0131nda ger\u00e7ekle\u015ftirilir.<\/p>\n\t\t\t\t\t\t\t\t<\/div>\n\t\t\t\t\t<\/div>\n\t\t<\/div>\n\t\t\t\t\t<\/div>\n\t\t<\/section>\n\t\t\t\t<section class=\"wd-negative-gap elementor-section elementor-top-section elementor-element elementor-element-b21b085 elementor-section-boxed elementor-section-height-default elementor-section-height-default\" data-id=\"b21b085\" data-element_type=\"section\" data-e-type=\"section\">\n\t\t\t\t\t\t<div class=\"elementor-container elementor-column-gap-default\">\n\t\t\t\t\t<div class=\"elementor-column elementor-col-100 elementor-top-column elementor-element elementor-element-5594caa\" data-id=\"5594caa\" data-element_type=\"column\" data-e-type=\"column\">\n\t\t\t<div class=\"elementor-widget-wrap elementor-element-populated\">\n\t\t\t\t\t\t<div class=\"elementor-element elementor-element-9d543af wd-width-100 elementor-widget elementor-widget-wd_banner_carousel\" data-id=\"9d543af\" data-element_type=\"widget\" data-e-type=\"widget\" id=\"radioft2\" data-widget_type=\"wd_banner_carousel.default\">\n\t\t\t\t<div class=\"elementor-widget-container\">\n\t\t\t\t\t\t\t<div class=\"wd-carousel-container banners-carousel-wrapper\">\n\t\t\t<div class=\"wd-carousel-inner\">\n\t\t\t\t<div class=\"wd-carousel wd-grid banners-carousel\" data-scroll_per_page=\"yes\" style=\"--wd-col-lg:4;--wd-col-md:4;--wd-col-sm:1;--wd-gap-lg:30px;--wd-gap-sm:10px;\">\n\t\t\t\t\t<div class=\"wd-carousel-wrap\">\n\t\t\t\t\t\t\t\t\t\t\t\t\t\t\t\t\t\t\t\t\t\t<div class=\"promo-banner-wrapper wd-carousel-item elementor-repeater-item-a61c96f\">\n\t\t\t<div class=\"promo-banner banner-default banner-hover-parallax color-scheme- banner-btn-size-default banner-btn-style-default with-btn banner-btn-position-static wd-with-link\">\n\t\t\t\t<div class=\"main-wrapp-img\">\n\t\t\t\t\t<div class=\"banner-image wd-without-height\">\n\t\t\t\t\t\t\t\t\t\t\t\t\t\t\t\t\t\t\t\t\t<img loading=\"lazy\" decoding=\"async\" width=\"750\" height=\"750\" src=\"https:\/\/lygosclinic.com\/wp-content\/uploads\/2024\/04\/desoface-and-desobody.webp\" class=\"attachment-full size-full\" alt=\"Desoface and Desobody\" srcset=\"https:\/\/lygosclinic.com\/wp-content\/uploads\/2024\/04\/desoface-and-desobody.webp 750w, https:\/\/lygosclinic.com\/wp-content\/uploads\/2024\/04\/desoface-and-desobody-300x300.webp 300w, https:\/\/lygosclinic.com\/wp-content\/uploads\/2024\/04\/desoface-and-desobody-150x150.webp 150w\" sizes=\"auto, (max-width: 750px) 100vw, 750px\" title=\"\">\t\t\t\t\t\t\t\t\t\t\t\t\t\t\t\t\t\t<\/div>\n\t\t\t\t<\/div>\n\n\t\t\t\t<div class=\"wrapper-content-banner wd-fill wd-items-middle wd-justify-left\">\n\t\t\t\t\t<div class=\"content-banner  text-center\">\n\t\t\t\t\t\t\n\t\t\t\t\t\t\t\t\t\t\t\t\t<h4 class=\"banner-title wd-fontsize-l\" data-elementor-setting-key=\"title\">\n\t\t\t\t\t\t\t\tDesoface ve Desobody\t\t\t\t\t\t\t<\/h4>\n\t\t\t\t\t\t\n\t\t\t\t\t\t\n\t\t\t\t\t\t\n\t\t\t\t\t\t\t\t\t\t\t\t\t<div class=\"banner-btn-wrapper\">\n\t\t\t\t\t\t\t\t\t\t<div class=\"wd-button-wrapper text-center\" >\n\t\t\t<a class=\"btn btn-style-default btn-shape-rectangle btn-size-default btn-icon-pos-right\"  href=\"https:\/\/lygosclinic.com\/tr\/desoface-ve-desobody\/\">\n\t\t\t\t<span class=\"wd-btn-text\" data-elementor-setting-key=\"text\">\n\t\t\t\t\tDevam\u0131n\u0131 oku\t\t\t\t<\/span>\n\n\t\t\t\t\t\t\t<\/a>\n\t\t<\/div>\n\t\t\t\t\t\t\t\t\t<\/div>\n\t\t\t\t\t\t\t\t\t\t\t<\/div>\n\t\t\t\t<\/div>\n\n\t\t\t\t\t\t\t\t\t<a href=\"https:\/\/lygosclinic.com\/tr\/desoface-ve-desobody\/\" class=\"wd-promo-banner-link wd-fill\" aria-label=\"Banner link\"><\/a>\n\t\t\t\t\t\t\t<\/div>\n\t\t<\/div>\n\t\t\t\t\t\t\t\t\t\t\t\t\t\t\t\t\t\t\t\t\t\t\t\t<div class=\"promo-banner-wrapper wd-carousel-item elementor-repeater-item-fe73768\">\n\t\t\t<div class=\"promo-banner banner-default banner-hover-parallax color-scheme- banner-btn-size-default banner-btn-style-default banner-increased-padding with-btn banner-btn-position-static wd-with-link\">\n\t\t\t\t<div class=\"main-wrapp-img\">\n\t\t\t\t\t<div class=\"banner-image wd-without-height\">\n\t\t\t\t\t\t\t\t\t\t\t\t\t\t\t\t\t\t\t\t\t<img loading=\"lazy\" decoding=\"async\" width=\"750\" height=\"750\" src=\"https:\/\/lygosclinic.com\/wp-content\/uploads\/2024\/04\/thread-face-lift-french-hanger.webp\" class=\"attachment-full size-full\" alt=\"Thread Face Lift French Hanger\" srcset=\"https:\/\/lygosclinic.com\/wp-content\/uploads\/2024\/04\/thread-face-lift-french-hanger.webp 750w, https:\/\/lygosclinic.com\/wp-content\/uploads\/2024\/04\/thread-face-lift-french-hanger-300x300.webp 300w, https:\/\/lygosclinic.com\/wp-content\/uploads\/2024\/04\/thread-face-lift-french-hanger-150x150.webp 150w\" sizes=\"auto, (max-width: 750px) 100vw, 750px\" title=\"\">\t\t\t\t\t\t\t\t\t\t\t\t\t\t\t\t\t\t<\/div>\n\t\t\t\t<\/div>\n\n\t\t\t\t<div class=\"wrapper-content-banner wd-fill wd-items-top wd-justify-center\">\n\t\t\t\t\t<div class=\"content-banner  text-center\">\n\t\t\t\t\t\t\n\t\t\t\t\t\t\t\t\t\t\t\t\t<h4 class=\"banner-title wd-fontsize-l\" data-elementor-setting-key=\"title\">\n\t\t\t\t\t\t\t\t\u0130ple Y\u00fcz Germe - Frans\u0131z Ask\u0131s\u0131\t\t\t\t\t\t\t<\/h4>\n\t\t\t\t\t\t\n\t\t\t\t\t\t\n\t\t\t\t\t\t\n\t\t\t\t\t\t\t\t\t\t\t\t\t<div class=\"banner-btn-wrapper\">\n\t\t\t\t\t\t\t\t\t\t<div class=\"wd-button-wrapper text-center\" >\n\t\t\t<a class=\"btn btn-style-default btn-shape-rectangle btn-size-default btn-icon-pos-right\"  href=\"https:\/\/lygosclinic.com\/tr\/iple-yuz-germe\/\">\n\t\t\t\t<span class=\"wd-btn-text\" data-elementor-setting-key=\"text\">\n\t\t\t\t\tDevam\u0131n\u0131 oku\t\t\t\t<\/span>\n\n\t\t\t\t\t\t\t<\/a>\n\t\t<\/div>\n\t\t\t\t\t\t\t\t\t<\/div>\n\t\t\t\t\t\t\t\t\t\t\t<\/div>\n\t\t\t\t<\/div>\n\n\t\t\t\t\t\t\t\t\t<a href=\"https:\/\/lygosclinic.com\/tr\/iple-yuz-germe\/\" class=\"wd-promo-banner-link wd-fill\" aria-label=\"Banner link\"><\/a>\n\t\t\t\t\t\t\t<\/div>\n\t\t<\/div>\n\t\t\t\t\t\t\t\t\t\t\t\t\t\t\t\t\t\t\t\t\t\t\t\t<div class=\"promo-banner-wrapper wd-carousel-item elementor-repeater-item-ffac374\">\n\t\t\t<div class=\"promo-banner banner-default banner-hover-parallax color-scheme- banner-btn-size-default banner-btn-style-default banner-increased-padding with-btn banner-btn-position-static wd-with-link\">\n\t\t\t\t<div class=\"main-wrapp-img\">\n\t\t\t\t\t<div class=\"banner-image wd-without-height\">\n\t\t\t\t\t\t\t\t\t\t\t\t\t\t\t\t\t\t\t\t\t<img loading=\"lazy\" decoding=\"async\" width=\"750\" height=\"750\" src=\"https:\/\/lygosclinic.com\/wp-content\/uploads\/2024\/04\/non-surgical-eyelid-aesthetics-with-plexr.webp\" class=\"attachment-full size-full\" alt=\"Non-Surgical Eyelid Aesthetics with Plexr\" srcset=\"https:\/\/lygosclinic.com\/wp-content\/uploads\/2024\/04\/non-surgical-eyelid-aesthetics-with-plexr.webp 750w, https:\/\/lygosclinic.com\/wp-content\/uploads\/2024\/04\/non-surgical-eyelid-aesthetics-with-plexr-300x300.webp 300w, https:\/\/lygosclinic.com\/wp-content\/uploads\/2024\/04\/non-surgical-eyelid-aesthetics-with-plexr-150x150.webp 150w\" sizes=\"auto, (max-width: 750px) 100vw, 750px\" title=\"\">\t\t\t\t\t\t\t\t\t\t\t\t\t\t\t\t\t\t<\/div>\n\t\t\t\t<\/div>\n\n\t\t\t\t<div class=\"wrapper-content-banner wd-fill wd-items-top wd-justify-center\">\n\t\t\t\t\t<div class=\"content-banner  text-center\">\n\t\t\t\t\t\t\n\t\t\t\t\t\t\t\t\t\t\t\t\t<h4 class=\"banner-title wd-fontsize-l\" data-elementor-setting-key=\"title\">\n\t\t\t\t\t\t\t\tPlexr ile Ameliyats\u0131z G\u00f6z Kapa\u011f\u0131 Esteti\u011fi\t\t\t\t\t\t\t<\/h4>\n\t\t\t\t\t\t\n\t\t\t\t\t\t\n\t\t\t\t\t\t\n\t\t\t\t\t\t\t\t\t\t\t\t\t<div class=\"banner-btn-wrapper\">\n\t\t\t\t\t\t\t\t\t\t<div class=\"wd-button-wrapper text-center\" >\n\t\t\t<a class=\"btn btn-style-default btn-shape-rectangle btn-size-default btn-icon-pos-right\"  href=\"https:\/\/lygosclinic.com\/tr\/plexr\/\">\n\t\t\t\t<span class=\"wd-btn-text\" data-elementor-setting-key=\"text\">\n\t\t\t\t\tDevam\u0131n\u0131 oku\t\t\t\t<\/span>\n\n\t\t\t\t\t\t\t<\/a>\n\t\t<\/div>\n\t\t\t\t\t\t\t\t\t<\/div>\n\t\t\t\t\t\t\t\t\t\t\t<\/div>\n\t\t\t\t<\/div>\n\n\t\t\t\t\t\t\t\t\t<a href=\"https:\/\/lygosclinic.com\/tr\/plexr\/\" class=\"wd-promo-banner-link wd-fill\" aria-label=\"Banner link\"><\/a>\n\t\t\t\t\t\t\t<\/div>\n\t\t<\/div>\n\t\t\t\t\t\t\t\t\t\t\t\t\t\t\t\t\t\t\t\t\t\t\t\t<div class=\"promo-banner-wrapper wd-carousel-item elementor-repeater-item-c45e152\">\n\t\t\t<div class=\"promo-banner banner-default banner-hover-parallax color-scheme- banner-btn-size-default banner-btn-style-default with-btn banner-btn-position-static wd-with-link\">\n\t\t\t\t<div class=\"main-wrapp-img\">\n\t\t\t\t\t<div class=\"banner-image wd-without-height\">\n\t\t\t\t\t\t\t\t\t\t\t\t\t\t\t\t\t\t\t\t\t<img loading=\"lazy\" decoding=\"async\" width=\"750\" height=\"750\" src=\"https:\/\/lygosclinic.com\/wp-content\/uploads\/2024\/04\/hifu-focus-ultrason.webp\" class=\"attachment-full size-full\" alt=\"HIFU - Focus Ultrason\" srcset=\"https:\/\/lygosclinic.com\/wp-content\/uploads\/2024\/04\/hifu-focus-ultrason.webp 750w, https:\/\/lygosclinic.com\/wp-content\/uploads\/2024\/04\/hifu-focus-ultrason-300x300.webp 300w, https:\/\/lygosclinic.com\/wp-content\/uploads\/2024\/04\/hifu-focus-ultrason-150x150.webp 150w\" sizes=\"auto, (max-width: 750px) 100vw, 750px\" title=\"\">\t\t\t\t\t\t\t\t\t\t\t\t\t\t\t\t\t\t<\/div>\n\t\t\t\t<\/div>\n\n\t\t\t\t<div class=\"wrapper-content-banner wd-fill wd-items-top wd-justify-center\">\n\t\t\t\t\t<div class=\"content-banner  text-center\">\n\t\t\t\t\t\t\n\t\t\t\t\t\t\t\t\t\t\t\t\t<h4 class=\"banner-title wd-fontsize-l\" data-elementor-setting-key=\"title\">\n\t\t\t\t\t\t\t\tHIFU Fokus Ultrason\t\t\t\t\t\t\t<\/h4>\n\t\t\t\t\t\t\n\t\t\t\t\t\t\n\t\t\t\t\t\t\n\t\t\t\t\t\t\t\t\t\t\t\t\t<div class=\"banner-btn-wrapper\">\n\t\t\t\t\t\t\t\t\t\t<div class=\"wd-button-wrapper text-center\" >\n\t\t\t<a class=\"btn btn-style-default btn-shape-rectangle btn-size-default btn-icon-pos-right\"  href=\"https:\/\/lygosclinic.com\/tr\/hifu-fokus-ultrason\/\">\n\t\t\t\t<span class=\"wd-btn-text\" data-elementor-setting-key=\"text\">\n\t\t\t\t\tDevam\u0131n\u0131 oku\t\t\t\t<\/span>\n\n\t\t\t\t\t\t\t<\/a>\n\t\t<\/div>\n\t\t\t\t\t\t\t\t\t<\/div>\n\t\t\t\t\t\t\t\t\t\t\t<\/div>\n\t\t\t\t<\/div>\n\n\t\t\t\t\t\t\t\t\t<a href=\"https:\/\/lygosclinic.com\/tr\/hifu-fokus-ultrason\/\" class=\"wd-promo-banner-link wd-fill\" aria-label=\"Banner link\"><\/a>\n\t\t\t\t\t\t\t<\/div>\n\t\t<\/div>\n\t\t\t\t\t\t\t\t\t\t\t\t\t<\/div>\n\t\t\t\t<\/div>\n\n\t\t\t\t\t\t\t\t\t\t\t<div class=\"wd-nav-arrows wd-pos-sep wd-hover-1 wd-icon-1\">\n\t\t\t<div class=\"wd-btn-arrow wd-prev wd-disabled\">\n\t\t\t\t<div class=\"wd-arrow-inner\"><\/div>\n\t\t\t<\/div>\n\t\t\t<div class=\"wd-btn-arrow wd-next\">\n\t\t\t\t<div class=\"wd-arrow-inner\"><\/div>\n\t\t\t<\/div>\n\t\t<\/div>\n\t\t\t\t\t\t\t\t\t<\/div>\n\n\t\t\t\t\t<div class=\"wd-nav-pagin-wrap text-center wd-style-shape wd-hide-md-sm wd-hide-sm\">\n\t\t\t<ul class=\"wd-nav-pagin\"><\/ul>\n\t\t<\/div>\n\t\t\t\t\t\t\t<\/div>\n\t\t\t\t\t\t<\/div>\n\t\t\t\t<\/div>\n\t\t\t\t\t<\/div>\n\t\t<\/div>\n\t\t\t\t\t<\/div>\n\t\t<\/section>\n\t\t\t\t<\/div>\n\t\t","protected":false},"excerpt":{"rendered":"<p>Ameliyats\u0131z Estetik Ameliyats\u0131z estetik, ameliyata gerek kalmadan ki\u015finin g\u00f6r\u00fcn\u00fcm\u00fcn\u00fc iyile\u015ftiren kozmetik prosed\u00fcrleri veya tedavileri ifade eder. Bu prosed\u00fcrler tipik olarak<\/p>\n","protected":false},"author":1,"featured_media":0,"parent":0,"menu_order":0,"comment_status":"closed","ping_status":"closed","template":"","meta":{"footnotes":""},"class_list":["post-63920","page","type-page","status-publish","hentry"],"_links":{"self":[{"href":"https:\/\/lygosclinic.com\/tr\/wp-json\/wp\/v2\/pages\/63920","targetHints":{"allow":["GET"]}}],"collection":[{"href":"https:\/\/lygosclinic.com\/tr\/wp-json\/wp\/v2\/pages"}],"about":[{"href":"https:\/\/lygosclinic.com\/tr\/wp-json\/wp\/v2\/types\/page"}],"author":[{"embeddable":true,"href":"https:\/\/lygosclinic.com\/tr\/wp-json\/wp\/v2\/users\/1"}],"replies":[{"embeddable":true,"href":"https:\/\/lygosclinic.com\/tr\/wp-json\/wp\/v2\/comments?post=63920"}],"version-history":[{"count":16,"href":"https:\/\/lygosclinic.com\/tr\/wp-json\/wp\/v2\/pages\/63920\/revisions"}],"predecessor-version":[{"id":102851,"href":"https:\/\/lygosclinic.com\/tr\/wp-json\/wp\/v2\/pages\/63920\/revisions\/102851"}],"wp:attachment":[{"href":"https:\/\/lygosclinic.com\/tr\/wp-json\/wp\/v2\/media?parent=63920"}],"curies":[{"name":"wp","href":"https:\/\/api.w.org\/{rel}","templated":true}]}}