{"id":68722,"date":"2024-05-15T06:08:36","date_gmt":"2024-05-15T06:08:36","guid":{"rendered":"https:\/\/lygosclinic.com\/?page_id=68722"},"modified":"2026-02-26T12:39:04","modified_gmt":"2026-02-26T12:39:04","slug":"l","status":"publish","type":"page","link":"https:\/\/lygosclinic.com\/tr\/l\/","title":{"rendered":"Lygos Clinic &#8211; Health Tourism Ltd. Co."},"content":{"rendered":"\t\t<div data-elementor-type=\"wp-page\" data-elementor-id=\"68722\" class=\"elementor elementor-68722\" data-elementor-post-type=\"page\">\n\t\t\t\t\t\t<section class=\"wd-negative-gap elementor-section elementor-top-section elementor-element elementor-element-2d02eaa wd-section-stretch elementor-section-boxed elementor-section-height-default elementor-section-height-default\" data-id=\"2d02eaa\" data-element_type=\"section\" data-e-type=\"section\">\n\t\t\t\t\t\t<div class=\"elementor-container elementor-column-gap-default\">\n\t\t\t\t\t<div class=\"elementor-column elementor-col-100 elementor-top-column elementor-element elementor-element-24aaf7c\" data-id=\"24aaf7c\" data-element_type=\"column\" data-e-type=\"column\">\n\t\t\t<div class=\"elementor-widget-wrap elementor-element-populated\">\n\t\t\t\t\t\t<div class=\"elementor-element elementor-element-e1786ba elementor-widget elementor-widget-wd_image_or_svg\" data-id=\"e1786ba\" data-element_type=\"widget\" data-e-type=\"widget\" data-widget_type=\"wd_image_or_svg.default\">\n\t\t\t\t<div class=\"elementor-widget-container\">\n\t\t\t\t\t\n\t\t<div class=\"wd-image text-left\">\n\t\t\t\t\t\t\t\t<img loading=\"lazy\" decoding=\"async\" width=\"1920\" height=\"1080\" src=\"https:\/\/lygosclinic.com\/wp-content\/uploads\/2026\/02\/lygos-art-in-esthetics-banner-l.webp\" class=\"attachment-full size-full\" alt=\"\" srcset=\"https:\/\/lygosclinic.com\/wp-content\/uploads\/2026\/02\/lygos-art-in-esthetics-banner-l.webp 1920w, https:\/\/lygosclinic.com\/wp-content\/uploads\/2026\/02\/lygos-art-in-esthetics-banner-l-400x225.webp 400w, https:\/\/lygosclinic.com\/wp-content\/uploads\/2026\/02\/lygos-art-in-esthetics-banner-l-1300x731.webp 1300w, https:\/\/lygosclinic.com\/wp-content\/uploads\/2026\/02\/lygos-art-in-esthetics-banner-l-768x432.webp 768w, https:\/\/lygosclinic.com\/wp-content\/uploads\/2026\/02\/lygos-art-in-esthetics-banner-l-1536x864.webp 1536w\" sizes=\"auto, (max-width: 1920px) 100vw, 1920px\" title=\"\">\t\t\t\t\t<\/div>\n\n\t\t\t\t\t\t<\/div>\n\t\t\t\t<\/div>\n\t\t\t\t<div class=\"elementor-element elementor-element-ca613f5 color-scheme-inherit text-left elementor-widget elementor-widget-text-editor\" data-id=\"ca613f5\" data-element_type=\"widget\" data-e-type=\"widget\" data-widget_type=\"text-editor.default\">\n\t\t\t\t\t\t\t\t\t<p>Lygos Clinic, Grandist Group firmas\u0131n\u0131n \u00f6nc\u00fc markalar\u0131ndan biri olarak, sa\u011fl\u0131k turizmi alan\u0131nda m\u00fc\u015fterilere kusursuz hizmet sunmaktad\u0131r. Firman\u0131n k\u00f6kl\u00fc ge\u00e7mi\u015fi ve uzman kadrosuyla, m\u00fc\u015fterilerimize en iyi deneyimi sunmay\u0131 taahh\u00fct ediyoruz.<\/p>\n\n<p style=\"margin-top:-5px;\">Sundu\u011fumuz hizmetler aras\u0131nda, m\u00fc\u015fterilerimize en iyi konforu ve rahatl\u0131\u011f\u0131 sa\u011flamak ad\u0131na \u00f6zenle se\u00e7ilmi\u015f otel ve konaklama se\u00e7enekleri bulunmaktad\u0131r. Ayr\u0131ca VIP transfer hizmetimizle, m\u00fc\u015fterilerimizin seyahatlerini sorunsuz ve l\u00fcks bir \u015fekilde ger\u00e7ekle\u015ftirmelerini sa\u011fl\u0131yoruz.<\/p>\n\n<p style=\"margin-top:-5px;\">Lygos Clinic olarak, sadece sa\u011fl\u0131k turizmi de\u011fil, ayn\u0131 zamanda destinasyonun sundu\u011fu k\u00fclt\u00fcrel ve tarihi zenginlikleri de ke\u015ffetmek isteyen m\u00fc\u015fterilerimize y\u00f6nelik \u00f6zel \u015fehir turlar\u0131 d\u00fczenlemekteyiz. B\u00f6ylece, m\u00fc\u015fterilerimiz tedavi s\u00fcre\u00e7leri boyunca unutulmaz bir tatil deneyimi ya\u015famaktad\u0131rlar.<\/p>\t\t\t\t\t\t\t\t<\/div>\n\t\t\t\t\t<\/div>\n\t\t<\/div>\n\t\t\t\t\t<\/div>\n\t\t<\/section>\n\t\t\t\t<section class=\"wd-negative-gap elementor-section elementor-top-section elementor-element elementor-element-42d301c7 elementor-section-content-middle elementor-section-boxed elementor-section-height-default elementor-section-height-default\" data-id=\"42d301c7\" data-element_type=\"section\" data-e-type=\"section\">\n\t\t\t\t\t\t<div class=\"elementor-container elementor-column-gap-no\">\n\t\t\t\t\t<div class=\"elementor-column elementor-col-33 elementor-top-column elementor-element elementor-element-28035d6\" data-id=\"28035d6\" data-element_type=\"column\" data-e-type=\"column\">\n\t\t\t<div class=\"elementor-widget-wrap elementor-element-populated\">\n\t\t\t\t\t\t<div class=\"elementor-element elementor-element-7fcd929 elementor-widget elementor-widget-heading\" data-id=\"7fcd929\" data-element_type=\"widget\" data-e-type=\"widget\" data-widget_type=\"heading.default\">\n\t\t\t\t\t<h2 class=\"elementor-heading-title elementor-size-default\">VIP Transfer<\/h2>\t\t\t\t<\/div>\n\t\t\t\t<div class=\"elementor-element elementor-element-9e41cca color-scheme-inherit text-left elementor-widget elementor-widget-text-editor\" data-id=\"9e41cca\" data-element_type=\"widget\" data-e-type=\"widget\" data-widget_type=\"text-editor.default\">\n\t\t\t\t\t\t\t\t\t<div class=\"fusion-layout-column fusion_builder_column fusion-builder-column-12 fusion_builder_column_1_2 1_2 fusion-flex-column\"><div class=\"fusion-column-wrapper fusion-column-has-shadow fusion-flex-justify-content-flex-start fusion-content-layout-column\"><div class=\"fusion-text fusion-text-5\"><div class=\"elementor-element elementor-element-14e56d84 elementor-widget elementor-widget-text-editor\" data-id=\"14e56d84\" data-element_type=\"widget\" data-widget_type=\"text-editor.default\"><div class=\"elementor-widget-container\"><div class=\"sliderDescription\"><div class=\"elementor-element elementor-element-67fdcf8 elementor-widget elementor-widget-text-editor\" data-id=\"67fdcf8\" data-element_type=\"widget\" data-widget_type=\"text-editor.default\"><div class=\"elementor-widget-container\"><div class=\"sliderDescription\"><div class=\"sliderDescription\">Hem bireysel hem de grup seyahatleri i\u00e7in profesyonel transfer hizmetleri sunuyoruz.<\/div><\/div><\/div><\/div><\/div><\/div><\/div><\/div><\/div><\/div>\t\t\t\t\t\t\t\t<\/div>\n\t\t\t\t<div class=\"elementor-element elementor-element-21c374f5 elementor-widget elementor-widget-image\" data-id=\"21c374f5\" data-element_type=\"widget\" data-e-type=\"widget\" data-widget_type=\"image.default\">\n\t\t\t\t\t\t\t\t\t\t\t\t\t\t\t<img loading=\"lazy\" decoding=\"async\" width=\"600\" height=\"400\" src=\"https:\/\/lygosclinic.com\/wp-content\/uploads\/2024\/05\/hcot_2.webp\" class=\"elementor-animation-grow attachment-large size-large wp-image-68845\" alt=\"\" srcset=\"https:\/\/lygosclinic.com\/wp-content\/uploads\/2024\/05\/hcot_2.webp 600w, https:\/\/lygosclinic.com\/wp-content\/uploads\/2024\/05\/hcot_2-400x267.webp 400w\" sizes=\"auto, (max-width: 600px) 100vw, 600px\" title=\"\">\t\t\t\t\t\t\t\t\t\t\t\t\t\t\t<\/div>\n\t\t\t\t\t<\/div>\n\t\t<\/div>\n\t\t\t\t<div class=\"elementor-column elementor-col-33 elementor-top-column elementor-element elementor-element-1f1a9b4c\" data-id=\"1f1a9b4c\" data-element_type=\"column\" data-e-type=\"column\">\n\t\t\t<div class=\"elementor-widget-wrap elementor-element-populated\">\n\t\t\t\t\t\t<div class=\"elementor-element elementor-element-466c8587 elementor-widget elementor-widget-image\" data-id=\"466c8587\" data-element_type=\"widget\" data-e-type=\"widget\" data-widget_type=\"image.default\">\n\t\t\t\t\t\t\t\t\t\t\t\t\t\t\t<img loading=\"lazy\" decoding=\"async\" width=\"600\" height=\"400\" src=\"https:\/\/lygosclinic.com\/wp-content\/uploads\/2024\/05\/hcot.webp\" class=\"elementor-animation-grow attachment-full size-full wp-image-68841\" alt=\"\" srcset=\"https:\/\/lygosclinic.com\/wp-content\/uploads\/2024\/05\/hcot.webp 600w, https:\/\/lygosclinic.com\/wp-content\/uploads\/2024\/05\/hcot-400x267.webp 400w\" sizes=\"auto, (max-width: 600px) 100vw, 600px\" title=\"\">\t\t\t\t\t\t\t\t\t\t\t\t\t\t\t<\/div>\n\t\t\t\t<div class=\"elementor-element elementor-element-7ffd2b9 elementor-widget elementor-widget-heading\" data-id=\"7ffd2b9\" data-element_type=\"widget\" data-e-type=\"widget\" data-widget_type=\"heading.default\">\n\t\t\t\t\t<h2 class=\"elementor-heading-title elementor-size-default\">Otel ve Konaklama<\/h2>\t\t\t\t<\/div>\n\t\t\t\t<div class=\"elementor-element elementor-element-7266559e color-scheme-inherit text-left elementor-widget elementor-widget-text-editor\" data-id=\"7266559e\" data-element_type=\"widget\" data-e-type=\"widget\" data-widget_type=\"text-editor.default\">\n\t\t\t\t\t\t\t\t\t\u015eirketimiz, misafirler i\u00e7in l\u00fcks, 5 y\u0131ld\u0131zl\u0131 konaklama sa\u011flama konusunda uzmanla\u015fm\u0131\u015ft\u0131r.\t\t\t\t\t\t\t\t<\/div>\n\t\t\t\t\t<\/div>\n\t\t<\/div>\n\t\t\t\t<div class=\"elementor-column elementor-col-33 elementor-top-column elementor-element elementor-element-6c9d8919\" data-id=\"6c9d8919\" data-element_type=\"column\" data-e-type=\"column\">\n\t\t\t<div class=\"elementor-widget-wrap elementor-element-populated\">\n\t\t\t\t\t\t<div class=\"elementor-element elementor-element-ea485b9 elementor-widget elementor-widget-heading\" data-id=\"ea485b9\" data-element_type=\"widget\" data-e-type=\"widget\" data-widget_type=\"heading.default\">\n\t\t\t\t\t<h2 class=\"elementor-heading-title elementor-size-default\">\u015eehir Turu<\/h2>\t\t\t\t<\/div>\n\t\t\t\t<div class=\"elementor-element elementor-element-ad4b6c3 color-scheme-inherit text-left elementor-widget elementor-widget-text-editor\" data-id=\"ad4b6c3\" data-element_type=\"widget\" data-e-type=\"widget\" data-widget_type=\"text-editor.default\">\n\t\t\t\t\t\t\t\t\t<div class=\"fusion-layout-column fusion_builder_column fusion-builder-column-12 fusion_builder_column_1_2 1_2 fusion-flex-column\"><div class=\"fusion-column-wrapper fusion-column-has-shadow fusion-flex-justify-content-flex-start fusion-content-layout-column\"><div class=\"fusion-text fusion-text-5\"><div class=\"elementor-element elementor-element-14e56d84 elementor-widget elementor-widget-text-editor\" data-id=\"14e56d84\" data-element_type=\"widget\" data-widget_type=\"text-editor.default\"><div class=\"elementor-widget-container\"><div class=\"sliderDescription\"><div class=\"elementor-element elementor-element-67fdcf8 elementor-widget elementor-widget-text-editor\" data-id=\"67fdcf8\" data-element_type=\"widget\" data-widget_type=\"text-editor.default\"><div class=\"elementor-widget-container\"><div class=\"sliderDescription\"><div class=\"sliderDescription\"><div class=\"fusion-layout-column fusion_builder_column fusion-builder-column-13 fusion_builder_column_1_2 1_2 fusion-flex-column\"><div class=\"fusion-column-wrapper fusion-column-has-shadow fusion-flex-justify-content-flex-start fusion-content-layout-column\"><div class=\"fusion-text fusion-text-6\"><div class=\"elementor-element elementor-element-14e56d84 elementor-widget elementor-widget-text-editor\" data-id=\"14e56d84\" data-element_type=\"widget\" data-widget_type=\"text-editor.default\"><div class=\"elementor-widget-container\"><div class=\"sliderDescription\"><div class=\"elementor-element elementor-element-67fdcf8 elementor-widget elementor-widget-text-editor\" data-id=\"67fdcf8\" data-element_type=\"widget\" data-widget_type=\"text-editor.default\"><div class=\"elementor-widget-container\"><div class=\"sliderDescription\"><div class=\"sliderDescription\"><div class=\"elementor-element elementor-element-bca5e54 elementor-widget elementor-widget-text-editor\" data-id=\"bca5e54\" data-element_type=\"widget\" data-widget_type=\"text-editor.default\"><div class=\"elementor-widget-container\"><div class=\"sliderDescription\"><div class=\"sliderDescription\">Hem bireysel hem de gruplar i\u00e7in profesyonel \u015fehir turu hizmetleri sunuyoruz.<\/div><\/div><\/div><\/div><\/div><\/div><\/div><\/div><\/div><\/div><\/div><\/div><\/div><\/div><\/div><\/div><\/div><\/div><\/div><\/div><\/div><\/div><\/div><\/div>\t\t\t\t\t\t\t\t<\/div>\n\t\t\t\t<div class=\"elementor-element elementor-element-61dbf40 elementor-widget elementor-widget-image\" data-id=\"61dbf40\" data-element_type=\"widget\" data-e-type=\"widget\" data-widget_type=\"image.default\">\n\t\t\t\t\t\t\t\t\t\t\t\t\t\t\t<img loading=\"lazy\" decoding=\"async\" width=\"600\" height=\"400\" src=\"https:\/\/lygosclinic.com\/wp-content\/uploads\/2024\/05\/hcot_1.webp\" class=\"elementor-animation-grow attachment-large size-large wp-image-68843\" alt=\"\" srcset=\"https:\/\/lygosclinic.com\/wp-content\/uploads\/2024\/05\/hcot_1.webp 600w, https:\/\/lygosclinic.com\/wp-content\/uploads\/2024\/05\/hcot_1-400x267.webp 400w\" sizes=\"auto, (max-width: 600px) 100vw, 600px\" title=\"\">\t\t\t\t\t\t\t\t\t\t\t\t\t\t\t<\/div>\n\t\t\t\t\t<\/div>\n\t\t<\/div>\n\t\t\t\t\t<\/div>\n\t\t<\/section>\n\t\t\t\t<section class=\"wd-negative-gap elementor-section elementor-top-section elementor-element elementor-element-1087f0d4 elementor-section-boxed elementor-section-height-default elementor-section-height-default\" data-id=\"1087f0d4\" data-element_type=\"section\" data-e-type=\"section\">\n\t\t\t\t\t\t<div class=\"elementor-container elementor-column-gap-default\">\n\t\t\t\t\t<div class=\"elementor-column elementor-col-100 elementor-top-column elementor-element elementor-element-6f837cf5\" data-id=\"6f837cf5\" data-element_type=\"column\" data-e-type=\"column\">\n\t\t\t<div class=\"elementor-widget-wrap elementor-element-populated\">\n\t\t\t\t\t\t<div class=\"elementor-element elementor-element-7dd5154 elementor-widget elementor-widget-heading\" data-id=\"7dd5154\" data-element_type=\"widget\" data-e-type=\"widget\" data-widget_type=\"heading.default\">\n\t\t\t\t\t<h2 class=\"elementor-heading-title elementor-size-default\">Uluslararas\u0131 Sa\u011fl\u0131k Turizmi Yetki Belgesi<\/h2>\t\t\t\t<\/div>\n\t\t\t\t<div class=\"elementor-element elementor-element-3dd4e17 elementor-widget elementor-widget-image\" data-id=\"3dd4e17\" data-element_type=\"widget\" data-e-type=\"widget\" data-widget_type=\"image.default\">\n\t\t\t\t\t\t\t\t\t\t\t\t\t\t\t<img loading=\"lazy\" decoding=\"async\" width=\"2000\" height=\"1414\" src=\"https:\/\/lygosclinic.com\/wp-content\/uploads\/2026\/02\/grandist-group-lygos-clinic-certificate.webp\" class=\"attachment-full size-full wp-image-114948\" alt=\"\" srcset=\"https:\/\/lygosclinic.com\/wp-content\/uploads\/2026\/02\/grandist-group-lygos-clinic-certificate.webp 2000w, https:\/\/lygosclinic.com\/wp-content\/uploads\/2026\/02\/grandist-group-lygos-clinic-certificate-400x283.webp 400w, https:\/\/lygosclinic.com\/wp-content\/uploads\/2026\/02\/grandist-group-lygos-clinic-certificate-1132x800.webp 1132w, https:\/\/lygosclinic.com\/wp-content\/uploads\/2026\/02\/grandist-group-lygos-clinic-certificate-768x543.webp 768w, https:\/\/lygosclinic.com\/wp-content\/uploads\/2026\/02\/grandist-group-lygos-clinic-certificate-1536x1086.webp 1536w\" sizes=\"auto, (max-width: 2000px) 100vw, 2000px\" title=\"\">\t\t\t\t\t\t\t\t\t\t\t\t\t\t\t<\/div>\n\t\t\t\t<div class=\"elementor-element elementor-element-7c30923 elementor-widget elementor-widget-heading\" data-id=\"7c30923\" data-element_type=\"widget\" data-e-type=\"widget\" data-widget_type=\"heading.default\">\n\t\t\t\t\t<h2 class=\"elementor-heading-title elementor-size-default\">Anla\u015fmal\u0131 Oldu\u011fumuz Kurumlar<\/h2>\t\t\t\t<\/div>\n\t\t\t\t\t<\/div>\n\t\t<\/div>\n\t\t\t\t\t<\/div>\n\t\t<\/section>\n\t\t\t\t<section class=\"wd-negative-gap elementor-section elementor-top-section elementor-element elementor-element-f627fe1 wd-section-stretch elementor-section-boxed elementor-section-height-default elementor-section-height-default\" data-id=\"f627fe1\" data-element_type=\"section\" data-e-type=\"section\">\n\t\t\t\t\t\t<div class=\"elementor-container elementor-column-gap-default\">\n\t\t\t\t\t<div class=\"elementor-column elementor-col-33 elementor-top-column elementor-element elementor-element-7341f3f\" data-id=\"7341f3f\" data-element_type=\"column\" data-e-type=\"column\">\n\t\t\t<div class=\"elementor-widget-wrap elementor-element-populated\">\n\t\t\t\t\t\t<div class=\"elementor-element elementor-element-d9d844b elementor-widget elementor-widget-wd_image_or_svg\" data-id=\"d9d844b\" data-element_type=\"widget\" data-e-type=\"widget\" data-widget_type=\"wd_image_or_svg.default\">\n\t\t\t\t<div class=\"elementor-widget-container\">\n\t\t\t\t\t\n\t\t<div class=\"wd-image text-left\">\n\t\t\t\t\t\t\t<a href=\"https:\/\/www.safahastanesi.com.tr\/\" aria-label=\"Image link\" rel=\"nofollow noopener\" target=\"_blank\">\n\t\t\t\t\t\t\t\t<img loading=\"lazy\" decoding=\"async\" width=\"400\" height=\"400\" src=\"https:\/\/lygosclinic.com\/wp-content\/uploads\/2024\/05\/Safa-Hastanesi-400x400-1.webp\" class=\"attachment-full size-full\" alt=\"\" srcset=\"https:\/\/lygosclinic.com\/wp-content\/uploads\/2024\/05\/Safa-Hastanesi-400x400-1.webp 400w, https:\/\/lygosclinic.com\/wp-content\/uploads\/2024\/05\/Safa-Hastanesi-400x400-1-300x300.webp 300w, https:\/\/lygosclinic.com\/wp-content\/uploads\/2024\/05\/Safa-Hastanesi-400x400-1-150x150.webp 150w\" sizes=\"auto, (max-width: 400px) 100vw, 400px\" title=\"\">\t\t\t\t\t\t\t<\/a>\n\t\t\t\t\t<\/div>\n\n\t\t\t\t\t\t<\/div>\n\t\t\t\t<\/div>\n\t\t\t\t\t<\/div>\n\t\t<\/div>\n\t\t\t\t<div class=\"elementor-column elementor-col-33 elementor-top-column elementor-element elementor-element-da11b13\" data-id=\"da11b13\" data-element_type=\"column\" data-e-type=\"column\">\n\t\t\t<div class=\"elementor-widget-wrap elementor-element-populated\">\n\t\t\t\t\t\t<div class=\"elementor-element elementor-element-eb3336a elementor-widget elementor-widget-wd_image_or_svg\" data-id=\"eb3336a\" data-element_type=\"widget\" data-e-type=\"widget\" data-widget_type=\"wd_image_or_svg.default\">\n\t\t\t\t<div class=\"elementor-widget-container\">\n\t\t\t\t\t\n\t\t<div class=\"wd-image text-left\">\n\t\t\t\t\t\t\t<a href=\"https:\/\/www.pergeaksudis.com\/\" aria-label=\"Image link\" rel=\"nofollow noopener\" target=\"_blank\">\n\t\t\t\t\t\t\t\t<img loading=\"lazy\" decoding=\"async\" width=\"1080\" height=\"1080\" src=\"https:\/\/lygosclinic.com\/wp-content\/uploads\/2026\/02\/dt-betul-turkhan-logo-1.webp\" class=\"attachment-full size-full\" alt=\"\" srcset=\"https:\/\/lygosclinic.com\/wp-content\/uploads\/2026\/02\/dt-betul-turkhan-logo-1.webp 1080w, https:\/\/lygosclinic.com\/wp-content\/uploads\/2026\/02\/dt-betul-turkhan-logo-1-300x300.webp 300w, https:\/\/lygosclinic.com\/wp-content\/uploads\/2026\/02\/dt-betul-turkhan-logo-1-800x800.webp 800w, https:\/\/lygosclinic.com\/wp-content\/uploads\/2026\/02\/dt-betul-turkhan-logo-1-150x150.webp 150w, https:\/\/lygosclinic.com\/wp-content\/uploads\/2026\/02\/dt-betul-turkhan-logo-1-768x768.webp 768w\" sizes=\"auto, (max-width: 1080px) 100vw, 1080px\" title=\"\">\t\t\t\t\t\t\t<\/a>\n\t\t\t\t\t<\/div>\n\n\t\t\t\t\t\t<\/div>\n\t\t\t\t<\/div>\n\t\t\t\t\t<\/div>\n\t\t<\/div>\n\t\t\t\t<div class=\"elementor-column elementor-col-33 elementor-top-column elementor-element elementor-element-5a4612d\" data-id=\"5a4612d\" data-element_type=\"column\" data-e-type=\"column\">\n\t\t\t<div class=\"elementor-widget-wrap elementor-element-populated\">\n\t\t\t\t\t\t<div class=\"elementor-element elementor-element-c67dae9 elementor-widget elementor-widget-wd_image_or_svg\" data-id=\"c67dae9\" data-element_type=\"widget\" data-e-type=\"widget\" data-widget_type=\"wd_image_or_svg.default\">\n\t\t\t\t<div class=\"elementor-widget-container\">\n\t\t\t\t\t\n\t\t<div class=\"wd-image text-left\">\n\t\t\t\t\t\t\t<a href=\"https:\/\/www.drrasimeerkan.com\/\" aria-label=\"Image link\" rel=\"nofollow noopener\" target=\"_blank\">\n\t\t\t\t\t\t\t\t<img loading=\"lazy\" decoding=\"async\" width=\"1080\" height=\"1080\" src=\"https:\/\/lygosclinic.com\/wp-content\/uploads\/2024\/10\/drrasimeerkanlogo.png\" class=\"attachment-full size-full\" alt=\"\" srcset=\"https:\/\/lygosclinic.com\/wp-content\/uploads\/2024\/10\/drrasimeerkanlogo.png 1080w, https:\/\/lygosclinic.com\/wp-content\/uploads\/2024\/10\/drrasimeerkanlogo-300x300.png 300w, https:\/\/lygosclinic.com\/wp-content\/uploads\/2024\/10\/drrasimeerkanlogo-800x800.png 800w, https:\/\/lygosclinic.com\/wp-content\/uploads\/2024\/10\/drrasimeerkanlogo-150x150.png 150w, https:\/\/lygosclinic.com\/wp-content\/uploads\/2024\/10\/drrasimeerkanlogo-768x768.png 768w\" sizes=\"auto, (max-width: 1080px) 100vw, 1080px\" title=\"\">\t\t\t\t\t\t\t<\/a>\n\t\t\t\t\t<\/div>\n\n\t\t\t\t\t\t<\/div>\n\t\t\t\t<\/div>\n\t\t\t\t\t<\/div>\n\t\t<\/div>\n\t\t\t\t\t<\/div>\n\t\t<\/section>\n\t\t\t\t<section class=\"wd-negative-gap elementor-section elementor-top-section elementor-element elementor-element-27b27ad wd-section-stretch elementor-section-boxed elementor-section-height-default elementor-section-height-default\" data-id=\"27b27ad\" data-element_type=\"section\" data-e-type=\"section\">\n\t\t\t\t\t\t<div class=\"elementor-container elementor-column-gap-default\">\n\t\t\t\t\t<div class=\"elementor-column elementor-col-100 elementor-top-column elementor-element elementor-element-474c0d1\" data-id=\"474c0d1\" data-element_type=\"column\" data-e-type=\"column\">\n\t\t\t<div class=\"elementor-widget-wrap elementor-element-populated\">\n\t\t\t\t\t\t<div class=\"elementor-element elementor-element-a0c09b0 color-scheme-inherit text-left elementor-widget elementor-widget-text-editor\" data-id=\"a0c09b0\" data-element_type=\"widget\" data-e-type=\"widget\" data-widget_type=\"text-editor.default\">\n\t\t\t\t\t\t\t\t\tLygos Clinic bir Grandist Group Kurulu\u015fudur..\t\t\t\t\t\t\t\t<\/div>\n\t\t\t\t\t<\/div>\n\t\t<\/div>\n\t\t\t\t\t<\/div>\n\t\t<\/section>\n\t\t\t\t<\/div>\n\t\t","protected":false},"excerpt":{"rendered":"<p>Lygos Clinic, Grandist Group firmas\u0131n\u0131n \u00f6nc\u00fc markalar\u0131ndan biri olarak, sa\u011fl\u0131k turizmi alan\u0131nda m\u00fc\u015fterilere kusursuz hizmet sunmaktad\u0131r. Firman\u0131n k\u00f6kl\u00fc ge\u00e7mi\u015fi ve<\/p>\n","protected":false},"author":1,"featured_media":0,"parent":0,"menu_order":0,"comment_status":"closed","ping_status":"closed","template":"","meta":{"footnotes":""},"class_list":["post-68722","page","type-page","status-publish","hentry"],"_links":{"self":[{"href":"https:\/\/lygosclinic.com\/tr\/wp-json\/wp\/v2\/pages\/68722","targetHints":{"allow":["GET"]}}],"collection":[{"href":"https:\/\/lygosclinic.com\/tr\/wp-json\/wp\/v2\/pages"}],"about":[{"href":"https:\/\/lygosclinic.com\/tr\/wp-json\/wp\/v2\/types\/page"}],"author":[{"embeddable":true,"href":"https:\/\/lygosclinic.com\/tr\/wp-json\/wp\/v2\/users\/1"}],"replies":[{"embeddable":true,"href":"https:\/\/lygosclinic.com\/tr\/wp-json\/wp\/v2\/comments?post=68722"}],"version-history":[{"count":32,"href":"https:\/\/lygosclinic.com\/tr\/wp-json\/wp\/v2\/pages\/68722\/revisions"}],"predecessor-version":[{"id":114958,"href":"https:\/\/lygosclinic.com\/tr\/wp-json\/wp\/v2\/pages\/68722\/revisions\/114958"}],"wp:attachment":[{"href":"https:\/\/lygosclinic.com\/tr\/wp-json\/wp\/v2\/media?parent=68722"}],"curies":[{"name":"wp","href":"https:\/\/api.w.org\/{rel}","templated":true}]}}