{"id":68725,"date":"2024-05-15T07:12:41","date_gmt":"2024-05-15T07:12:41","guid":{"rendered":"https:\/\/lygosclinic.com\/?page_id=68725"},"modified":"2024-05-15T07:24:49","modified_gmt":"2024-05-15T07:24:49","slug":"otel-konaklama","status":"publish","type":"page","link":"https:\/\/lygosclinic.com\/tr\/otel-konaklama\/","title":{"rendered":"Otel &amp; Konaklama"},"content":{"rendered":"\t\t<div data-elementor-type=\"wp-page\" data-elementor-id=\"68725\" class=\"elementor elementor-68725\" data-elementor-post-type=\"page\">\n\t\t\t\t\t\t<section class=\"wd-negative-gap elementor-section elementor-top-section elementor-element elementor-element-8d851fa elementor-section-boxed elementor-section-height-default elementor-section-height-default\" data-id=\"8d851fa\" data-element_type=\"section\" data-e-type=\"section\">\n\t\t\t\t\t\t<div class=\"elementor-container elementor-column-gap-default\">\n\t\t\t\t\t<div class=\"elementor-column elementor-col-50 elementor-top-column elementor-element elementor-element-0fb63c3\" data-id=\"0fb63c3\" data-element_type=\"column\" data-e-type=\"column\">\n\t\t\t<div class=\"elementor-widget-wrap elementor-element-populated\">\n\t\t\t\t\t\t<div class=\"elementor-element elementor-element-8237eac elementor-widget elementor-widget-image\" data-id=\"8237eac\" data-element_type=\"widget\" data-e-type=\"widget\" data-widget_type=\"image.default\">\n\t\t\t\t\t\t\t\t\t\t\t\t\t\t\t<img loading=\"lazy\" decoding=\"async\" width=\"800\" height=\"800\" src=\"https:\/\/lygosclinic.com\/wp-content\/uploads\/2024\/05\/otel-800x800.webp\" class=\"attachment-large size-large wp-image-68739\" alt=\"\" srcset=\"https:\/\/lygosclinic.com\/wp-content\/uploads\/2024\/05\/otel-800x800.webp 800w, https:\/\/lygosclinic.com\/wp-content\/uploads\/2024\/05\/otel-300x300.webp 300w, https:\/\/lygosclinic.com\/wp-content\/uploads\/2024\/05\/otel-150x150.webp 150w, https:\/\/lygosclinic.com\/wp-content\/uploads\/2024\/05\/otel-768x768.webp 768w, https:\/\/lygosclinic.com\/wp-content\/uploads\/2024\/05\/otel.webp 1080w\" sizes=\"auto, (max-width: 800px) 100vw, 800px\" title=\"\">\t\t\t\t\t\t\t\t\t\t\t\t\t\t\t<\/div>\n\t\t\t\t\t<\/div>\n\t\t<\/div>\n\t\t\t\t<div class=\"elementor-column elementor-col-50 elementor-top-column elementor-element elementor-element-c9a2827\" data-id=\"c9a2827\" data-element_type=\"column\" data-e-type=\"column\">\n\t\t\t<div class=\"elementor-widget-wrap elementor-element-populated\">\n\t\t\t\t\t\t<div class=\"elementor-element elementor-element-18ec0af elementor-widget elementor-widget-heading\" data-id=\"18ec0af\" data-element_type=\"widget\" data-e-type=\"widget\" data-widget_type=\"heading.default\">\n\t\t\t\t\t<h1 class=\"elementor-heading-title elementor-size-default\">otel&amp; konaklama<\/h1>\t\t\t\t<\/div>\n\t\t\t\t<div class=\"elementor-element elementor-element-719cde3 color-scheme-inherit text-left elementor-widget elementor-widget-text-editor\" data-id=\"719cde3\" data-element_type=\"widget\" data-e-type=\"widget\" data-widget_type=\"text-editor.default\">\n\t\t\t\t\t\t\t\t\t<section class=\"elementor-section elementor-top-section elementor-element elementor-element-1f80ff7f elementor-section-full_width elementor-section-height-min-height elementor-section-items-stretch elementor-section-height-default\" style=\"color: #1d3033; font-family: 'League Spartan'; font-size: 20px; font-style: normal; font-variant-ligatures: normal; font-variant-caps: normal; font-weight: 400;\" data-id=\"1f80ff7f\" data-element_type=\"section\" data-settings=\"{&quot;background_background&quot;:&quot;classic&quot;}\"><div class=\"elementor-container elementor-column-gap-no\"><div class=\"elementor-column elementor-col-100 elementor-top-column elementor-element elementor-element-580a02c8\" data-id=\"580a02c8\" data-element_type=\"column\"><div class=\"elementor-widget-wrap elementor-element-populated\"><div class=\"elementor-element elementor-element-2fceab29 elementor-widget__width-initial elementor-widget elementor-widget-text-editor\" data-id=\"2fceab29\" data-element_type=\"widget\" data-widget_type=\"text-editor.default\"><div class=\"elementor-widget-container\"><div class=\"elementor-element elementor-element-14e56d84 elementor-widget elementor-widget-text-editor\" data-id=\"14e56d84\" data-element_type=\"widget\" data-widget_type=\"text-editor.default\"><div class=\"elementor-widget-container\"><div class=\"sliderDescription\">\u015eirketimiz, misafirler i\u00e7in l\u00fcks, 5 y\u0131ld\u0131zl\u0131 konaklama sa\u011flama konusunda uzmanla\u015fm\u0131\u015ft\u0131r.<\/div><\/div><\/div><\/div><\/div><\/div><\/div><\/div><\/section>\t\t\t\t\t\t\t\t<\/div>\n\t\t\t\t\t<\/div>\n\t\t<\/div>\n\t\t\t\t\t<\/div>\n\t\t<\/section>\n\t\t\t\t<section class=\"wd-negative-gap elementor-section elementor-top-section elementor-element elementor-element-3ae67c4 elementor-section-boxed elementor-section-height-default elementor-section-height-default\" data-id=\"3ae67c4\" data-element_type=\"section\" data-e-type=\"section\">\n\t\t\t\t\t\t<div class=\"elementor-container elementor-column-gap-default\">\n\t\t\t\t\t<div class=\"elementor-column elementor-col-100 elementor-top-column elementor-element elementor-element-5952c75\" data-id=\"5952c75\" data-element_type=\"column\" data-e-type=\"column\">\n\t\t\t<div class=\"elementor-widget-wrap elementor-element-populated\">\n\t\t\t\t\t\t<div class=\"elementor-element elementor-element-f1423ae elementor-widget elementor-widget-heading\" data-id=\"f1423ae\" data-element_type=\"widget\" data-e-type=\"widget\" data-widget_type=\"heading.default\">\n\t\t\t\t\t<h2 class=\"elementor-heading-title elementor-size-default\">hizmetlerimiz<\/h2>\t\t\t\t<\/div>\n\t\t\t\t<div class=\"elementor-element elementor-element-ed5a1c8 color-scheme-inherit text-left elementor-widget elementor-widget-text-editor\" data-id=\"ed5a1c8\" data-element_type=\"widget\" data-e-type=\"widget\" data-widget_type=\"text-editor.default\">\n\t\t\t\t\t\t\t\t\t<div class=\"fusion-layout-column fusion_builder_column fusion-builder-column-6 fusion_builder_column_3_5 3_5 fusion-flex-column fusion-animated\" data-animationtype=\"fadeInUp\" data-animationduration=\"1.3\" data-animationoffset=\"top-into-view\"><div class=\"fusion-column-wrapper fusion-column-has-shadow fusion-flex-justify-content-flex-start fusion-content-layout-column\"><div class=\"fusion-text fusion-text-2 fusion-text-no-margin\"><p>\u015eirketimiz, misafirlerimiz i\u00e7in l\u00fcks, 5 y\u0131ld\u0131zl\u0131 konaklama sa\u011flama konusunda uzmanla\u015fm\u0131\u015ft\u0131r. Konuk odalar\u0131m\u0131z geni\u015f ve zarif bir \u015fekilde dekore edilmi\u015f olup konforlu yataklar ve d\u00fcz ekran TV\u2019ler gibi en kaliteli olanaklara sahiptir.<\/p><p>Ayr\u0131ca tesis b\u00fcnyesinde yemek, fitness merkezi ve spa gibi \u00e7e\u015fitli olanaklar da sunulmaktad\u0131r. Konsiyerj ekibimiz konaklaman\u0131z\u0131 planlaman\u0131za ve yerel etkinlikler i\u00e7in rezervasyon yapman\u0131za yard\u0131mc\u0131 olmaya haz\u0131rd\u0131r. Bizimle rezervasyon yaparak konaklama birimimizin konforunu ve l\u00fcks\u00fcn\u00fc ya\u015fay\u0131n.<\/p><\/div><\/div><\/div><div class=\"fusion-layout-column fusion_builder_column fusion-builder-column-7 fusion_builder_column_1_2 1_2 fusion-flex-column fusion-animated\" data-animationtype=\"fadeInLeft\" data-animationduration=\"0.8\" data-animationoffset=\"top-into-view\"><div class=\"fusion-column-wrapper fusion-column-has-shadow fusion-flex-justify-content-flex-start fusion-content-layout-column\"><div class=\"fusion-image-element \">\u00a0<\/div><\/div><\/div>\t\t\t\t\t\t\t\t<\/div>\n\t\t\t\t\t<\/div>\n\t\t<\/div>\n\t\t\t\t\t<\/div>\n\t\t<\/section>\n\t\t\t\t<section class=\"wd-negative-gap elementor-section elementor-top-section elementor-element elementor-element-44e01d4 elementor-section-boxed elementor-section-height-default elementor-section-height-default\" data-id=\"44e01d4\" data-element_type=\"section\" data-e-type=\"section\">\n\t\t\t\t\t\t<div class=\"elementor-container elementor-column-gap-default\">\n\t\t\t\t\t<div class=\"elementor-column elementor-col-33 elementor-top-column elementor-element elementor-element-f04de8b\" data-id=\"f04de8b\" data-element_type=\"column\" data-e-type=\"column\" data-settings=\"{&quot;background_background&quot;:&quot;slideshow&quot;,&quot;background_slideshow_gallery&quot;:[{&quot;id&quot;:68743,&quot;url&quot;:&quot;https:\\\/\\\/lygosclinic.com\\\/wp-content\\\/uploads\\\/2024\\\/05\\\/hotel-room.webp&quot;}],&quot;background_slideshow_slide_duration&quot;:1,&quot;background_slideshow_slide_transition&quot;:&quot;fade&quot;,&quot;background_slideshow_transition_duration&quot;:500}\">\n\t\t\t<div class=\"elementor-widget-wrap elementor-element-populated\">\n\t\t\t\t\t\t<div class=\"elementor-element elementor-element-12ab68e elementor-widget elementor-widget-heading\" data-id=\"12ab68e\" data-element_type=\"widget\" data-e-type=\"widget\" data-widget_type=\"heading.default\">\n\t\t\t\t\t<h3 class=\"elementor-heading-title elementor-size-default\">L\u00fcks Otel Odalar\u0131<\/h3>\t\t\t\t<\/div>\n\t\t\t\t\t<\/div>\n\t\t<\/div>\n\t\t\t\t<div class=\"elementor-column elementor-col-33 elementor-top-column elementor-element elementor-element-c6c980c\" data-id=\"c6c980c\" data-element_type=\"column\" data-e-type=\"column\" data-settings=\"{&quot;background_background&quot;:&quot;classic&quot;}\">\n\t\t\t<div class=\"elementor-widget-wrap\">\n\t\t\t\t\t\t\t<\/div>\n\t\t<\/div>\n\t\t\t\t<div class=\"elementor-column elementor-col-33 elementor-top-column elementor-element elementor-element-d082076\" data-id=\"d082076\" data-element_type=\"column\" data-e-type=\"column\" data-settings=\"{&quot;background_background&quot;:&quot;slideshow&quot;,&quot;background_slideshow_gallery&quot;:[{&quot;id&quot;:68741,&quot;url&quot;:&quot;https:\\\/\\\/lygosclinic.com\\\/wp-content\\\/uploads\\\/2024\\\/05\\\/hotel-loby.webp&quot;}],&quot;background_slideshow_loop&quot;:&quot;yes&quot;,&quot;background_slideshow_slide_duration&quot;:5000,&quot;background_slideshow_slide_transition&quot;:&quot;fade&quot;,&quot;background_slideshow_transition_duration&quot;:500}\">\n\t\t\t<div class=\"elementor-widget-wrap elementor-element-populated\">\n\t\t\t\t\t\t<div class=\"elementor-element elementor-element-bee4f7b elementor-widget elementor-widget-heading\" data-id=\"bee4f7b\" data-element_type=\"widget\" data-e-type=\"widget\" data-widget_type=\"heading.default\">\n\t\t\t\t\t<h3 class=\"elementor-heading-title elementor-size-default\">5 Y\u0131ld\u0131zl\u0131 Oteller<\/h3>\t\t\t\t<\/div>\n\t\t\t\t\t<\/div>\n\t\t<\/div>\n\t\t\t\t\t<\/div>\n\t\t<\/section>\n\t\t\t\t<\/div>\n\t\t","protected":false},"excerpt":{"rendered":"<p>otel&#038; konaklama \u015eirketimiz, misafirler i\u00e7in l\u00fcks, 5 y\u0131ld\u0131zl\u0131 konaklama sa\u011flama konusunda uzmanla\u015fm\u0131\u015ft\u0131r. hizmetlerimiz \u015eirketimiz, misafirlerimiz i\u00e7in l\u00fcks, 5 y\u0131ld\u0131zl\u0131 konaklama<\/p>\n","protected":false},"author":1,"featured_media":0,"parent":0,"menu_order":0,"comment_status":"closed","ping_status":"closed","template":"","meta":{"footnotes":""},"class_list":["post-68725","page","type-page","status-publish","hentry"],"_links":{"self":[{"href":"https:\/\/lygosclinic.com\/tr\/wp-json\/wp\/v2\/pages\/68725","targetHints":{"allow":["GET"]}}],"collection":[{"href":"https:\/\/lygosclinic.com\/tr\/wp-json\/wp\/v2\/pages"}],"about":[{"href":"https:\/\/lygosclinic.com\/tr\/wp-json\/wp\/v2\/types\/page"}],"author":[{"embeddable":true,"href":"https:\/\/lygosclinic.com\/tr\/wp-json\/wp\/v2\/users\/1"}],"replies":[{"embeddable":true,"href":"https:\/\/lygosclinic.com\/tr\/wp-json\/wp\/v2\/comments?post=68725"}],"version-history":[{"count":7,"href":"https:\/\/lygosclinic.com\/tr\/wp-json\/wp\/v2\/pages\/68725\/revisions"}],"predecessor-version":[{"id":68762,"href":"https:\/\/lygosclinic.com\/tr\/wp-json\/wp\/v2\/pages\/68725\/revisions\/68762"}],"wp:attachment":[{"href":"https:\/\/lygosclinic.com\/tr\/wp-json\/wp\/v2\/media?parent=68725"}],"curies":[{"name":"wp","href":"https:\/\/api.w.org\/{rel}","templated":true}]}}